{"id":7537,"date":"2024-11-18T08:23:01","date_gmt":"2024-11-18T07:23:01","guid":{"rendered":"https:\/\/scandesign.cz\/homepage\/"},"modified":"2025-10-11T22:12:16","modified_gmt":"2025-10-11T20:12:16","slug":"homepage","status":"publish","type":"page","link":"https:\/\/www.scandesign.cz\/sk\/","title":{"rendered":"Homepage"},"content":{"rendered":"","protected":false},"excerpt":{"rendered":"","protected":false},"author":1,"featured_media":0,"parent":0,"menu_order":0,"comment_status":"closed","ping_status":"closed","template":"templates\/homepage.php","meta":{"inline_featured_image":false,"footnotes":""},"class_list":["post-7537","page","type-page","status-publish","hentry"],"acf":[],"yoast_head":"<!-- This site is optimized with the Yoast SEO plugin v24.6 - https:\/\/yoast.com\/wordpress\/plugins\/seo\/ -->\n<title>Scandesign - Ko\u017eu\u0161iny pre V\u00e1\u0161 domov<\/title>\n<meta name=\"description\" content=\"Scandesign sa zaober\u00e1 predajom bytov\u00fdch doplnkov z ov\u010dej a hov\u00e4dzej ko\u017ee - koberce, vank\u00fa\u0161e, kravskej ko\u017ee, ov\u010dej ko\u017ee. Z\u00e1kazkov\u00e1 v\u00fdroba.\" \/>\n<meta name=\"robots\" content=\"index, follow, max-snippet:-1, max-image-preview:large, max-video-preview:-1\" \/>\n<link rel=\"canonical\" href=\"https:\/\/www.scandesign.cz\/sk\/\" \/>\n<meta property=\"og:locale\" content=\"sk_SK\" \/>\n<meta property=\"og:type\" content=\"article\" \/>\n<meta property=\"og:title\" content=\"Scandesign - Ko\u017eu\u0161iny pre V\u00e1\u0161 domov\" \/>\n<meta property=\"og:description\" content=\"Scandesign sa zaober\u00e1 predajom bytov\u00fdch doplnkov z ov\u010dej a hov\u00e4dzej ko\u017ee - koberce, vank\u00fa\u0161e, kravskej ko\u017ee, ov\u010dej ko\u017ee. Z\u00e1kazkov\u00e1 v\u00fdroba.\" \/>\n<meta property=\"og:url\" content=\"https:\/\/www.scandesign.cz\/sk\/\" \/>\n<meta property=\"og:site_name\" content=\"Scandesign\" \/>\n<meta property=\"article:modified_time\" content=\"2025-10-11T20:12:16+00:00\" \/>\n<meta name=\"twitter:card\" content=\"summary_large_image\" \/>\n<script type=\"application\/ld+json\" class=\"yoast-schema-graph\">{\"@context\":\"https:\/\/schema.org\",\"@graph\":[{\"@type\":\"WebPage\",\"@id\":\"https:\/\/www.scandesign.cz\/sk\/\",\"url\":\"https:\/\/www.scandesign.cz\/sk\/\",\"name\":\"Scandesign - Ko\u017eu\u0161iny pre V\u00e1\u0161 domov\",\"isPartOf\":{\"@id\":\"https:\/\/www.scandesign.cz\/sk\/#website\"},\"datePublished\":\"2024-11-18T07:23:01+00:00\",\"dateModified\":\"2025-10-11T20:12:16+00:00\",\"description\":\"Scandesign sa zaober\u00e1 predajom bytov\u00fdch doplnkov z ov\u010dej a hov\u00e4dzej ko\u017ee - koberce, vank\u00fa\u0161e, kravskej ko\u017ee, ov\u010dej ko\u017ee. Z\u00e1kazkov\u00e1 v\u00fdroba.\",\"breadcrumb\":{\"@id\":\"https:\/\/www.scandesign.cz\/sk\/#breadcrumb\"},\"inLanguage\":\"sk-SK\",\"potentialAction\":[{\"@type\":\"ReadAction\",\"target\":[\"https:\/\/www.scandesign.cz\/sk\/\"]}]},{\"@type\":\"BreadcrumbList\",\"@id\":\"https:\/\/www.scandesign.cz\/sk\/#breadcrumb\",\"itemListElement\":[{\"@type\":\"ListItem\",\"position\":1,\"name\":\"Dom\u016f\",\"item\":\"https:\/\/www.scandesign.cz\/sk\/\"},{\"@type\":\"ListItem\",\"position\":2,\"name\":\"Homepage\"}]},{\"@type\":\"WebSite\",\"@id\":\"https:\/\/www.scandesign.cz\/sk\/#website\",\"url\":\"https:\/\/www.scandesign.cz\/sk\/\",\"name\":\"Scandesign\",\"description\":\"\",\"potentialAction\":[{\"@type\":\"SearchAction\",\"target\":{\"@type\":\"EntryPoint\",\"urlTemplate\":\"https:\/\/www.scandesign.cz\/sk\/?s={search_term_string}\"},\"query-input\":{\"@type\":\"PropertyValueSpecification\",\"valueRequired\":true,\"valueName\":\"search_term_string\"}}],\"inLanguage\":\"sk-SK\"}]}<\/script>\n<!-- \/ Yoast SEO plugin. -->","yoast_head_json":{"title":"Scandesign - Ko\u017eu\u0161iny pre V\u00e1\u0161 domov","description":"Scandesign sa zaober\u00e1 predajom bytov\u00fdch doplnkov z ov\u010dej a hov\u00e4dzej ko\u017ee - koberce, vank\u00fa\u0161e, kravskej ko\u017ee, ov\u010dej ko\u017ee. Z\u00e1kazkov\u00e1 v\u00fdroba.","robots":{"index":"index","follow":"follow","max-snippet":"max-snippet:-1","max-image-preview":"max-image-preview:large","max-video-preview":"max-video-preview:-1"},"canonical":"https:\/\/www.scandesign.cz\/sk\/","og_locale":"sk_SK","og_type":"article","og_title":"Scandesign - Ko\u017eu\u0161iny pre V\u00e1\u0161 domov","og_description":"Scandesign sa zaober\u00e1 predajom bytov\u00fdch doplnkov z ov\u010dej a hov\u00e4dzej ko\u017ee - koberce, vank\u00fa\u0161e, kravskej ko\u017ee, ov\u010dej ko\u017ee. Z\u00e1kazkov\u00e1 v\u00fdroba.","og_url":"https:\/\/www.scandesign.cz\/sk\/","og_site_name":"Scandesign","article_modified_time":"2025-10-11T20:12:16+00:00","twitter_card":"summary_large_image","schema":{"@context":"https:\/\/schema.org","@graph":[{"@type":"WebPage","@id":"https:\/\/www.scandesign.cz\/sk\/","url":"https:\/\/www.scandesign.cz\/sk\/","name":"Scandesign - Ko\u017eu\u0161iny pre V\u00e1\u0161 domov","isPartOf":{"@id":"https:\/\/www.scandesign.cz\/sk\/#website"},"datePublished":"2024-11-18T07:23:01+00:00","dateModified":"2025-10-11T20:12:16+00:00","description":"Scandesign sa zaober\u00e1 predajom bytov\u00fdch doplnkov z ov\u010dej a hov\u00e4dzej ko\u017ee - koberce, vank\u00fa\u0161e, kravskej ko\u017ee, ov\u010dej ko\u017ee. Z\u00e1kazkov\u00e1 v\u00fdroba.","breadcrumb":{"@id":"https:\/\/www.scandesign.cz\/sk\/#breadcrumb"},"inLanguage":"sk-SK","potentialAction":[{"@type":"ReadAction","target":["https:\/\/www.scandesign.cz\/sk\/"]}]},{"@type":"BreadcrumbList","@id":"https:\/\/www.scandesign.cz\/sk\/#breadcrumb","itemListElement":[{"@type":"ListItem","position":1,"name":"Dom\u016f","item":"https:\/\/www.scandesign.cz\/sk\/"},{"@type":"ListItem","position":2,"name":"Homepage"}]},{"@type":"WebSite","@id":"https:\/\/www.scandesign.cz\/sk\/#website","url":"https:\/\/www.scandesign.cz\/sk\/","name":"Scandesign","description":"","potentialAction":[{"@type":"SearchAction","target":{"@type":"EntryPoint","urlTemplate":"https:\/\/www.scandesign.cz\/sk\/?s={search_term_string}"},"query-input":{"@type":"PropertyValueSpecification","valueRequired":true,"valueName":"search_term_string"}}],"inLanguage":"sk-SK"}]}},"_links":{"self":[{"href":"https:\/\/www.scandesign.cz\/sk\/wp-json\/wp\/v2\/pages\/7537","targetHints":{"allow":["GET"]}}],"collection":[{"href":"https:\/\/www.scandesign.cz\/sk\/wp-json\/wp\/v2\/pages"}],"about":[{"href":"https:\/\/www.scandesign.cz\/sk\/wp-json\/wp\/v2\/types\/page"}],"author":[{"embeddable":true,"href":"https:\/\/www.scandesign.cz\/sk\/wp-json\/wp\/v2\/users\/1"}],"replies":[{"embeddable":true,"href":"https:\/\/www.scandesign.cz\/sk\/wp-json\/wp\/v2\/comments?post=7537"}],"version-history":[{"count":25,"href":"https:\/\/www.scandesign.cz\/sk\/wp-json\/wp\/v2\/pages\/7537\/revisions"}],"predecessor-version":[{"id":13263,"href":"https:\/\/www.scandesign.cz\/sk\/wp-json\/wp\/v2\/pages\/7537\/revisions\/13263"}],"wp:attachment":[{"href":"https:\/\/www.scandesign.cz\/sk\/wp-json\/wp\/v2\/media?parent=7537"}],"curies":[{"name":"wp","href":"https:\/\/api.w.org\/{rel}","templated":true}]}}