{"id":12387,"date":"2025-07-22T22:09:07","date_gmt":"2025-07-22T20:09:07","guid":{"rendered":"https:\/\/www.scandesign.cz\/?post_type=product&#038;p=12387"},"modified":"2025-07-22T22:12:56","modified_gmt":"2025-07-22T20:12:56","slug":"luxusny-kozeny-taburet-lavica-henrik-hnedobiely-kopirovat","status":"publish","type":"product","link":"https:\/\/www.scandesign.cz\/sk\/produkt\/luxusny-kozeny-taburet-lavica-henrik-hnedobiely-kopirovat\/","title":{"rendered":"Luxusn\u00fd ko\u017een\u00fd taburet &#8211; lavica &#8211; Henrik exotic tricolor"},"content":{"rendered":"","protected":false},"excerpt":{"rendered":"<p>Luxusn\u00e1 lavica \u010dal\u00fanen\u00e1 hov\u00e4dzou ko\u017eou. M\u00e4kk\u00fd, hust\u00fd chlp dlh\u00fd cca 2-3 cm. Dreven\u00fd korpus s molitanov\u00fdm sed\u00e1kom hr\u00fabky 4 cm zaist\u00ed pohodln\u00e9 posedenie. Oce\u013eov\u00e1 kon\u0161trukcia v \u010diernej farbe Komaxit.<\/p>\n<p>Skladom tento konkr\u00e9tny kus.<\/p>\n","protected":false},"featured_media":12393,"template":"","meta":{"inline_featured_image":false},"product_brand":[],"product_cat":[98,116],"product_tag":[],"class_list":{"0":"post-12387","1":"product","2":"type-product","3":"status-publish","4":"has-post-thumbnail","6":"product_cat-hovadzia-koza","7":"product_cat-taburety-sk","9":"first","10":"onbackorder","11":"taxable","12":"shipping-taxable","13":"purchasable","14":"product-type-simple"},"acf":[],"yoast_head":"<!-- This site is optimized with the Yoast SEO plugin v24.6 - https:\/\/yoast.com\/wordpress\/plugins\/seo\/ -->\n<title>Luxusn\u00fd ko\u017een\u00fd taburet - lavica - Henrik exotic tricolor &#8211; Scandesign<\/title>\n<meta name=\"robots\" content=\"index, follow, max-snippet:-1, max-image-preview:large, max-video-preview:-1\" \/>\n<link rel=\"canonical\" href=\"https:\/\/www.scandesign.cz\/sk\/produkt\/luxusny-kozeny-taburet-lavica-henrik-hnedobiely-kopirovat\/\" \/>\n<meta property=\"og:locale\" content=\"sk_SK\" \/>\n<meta property=\"og:type\" content=\"article\" \/>\n<meta property=\"og:title\" content=\"Luxusn\u00fd ko\u017een\u00fd taburet - lavica - Henrik exotic tricolor &#8211; Scandesign\" \/>\n<meta property=\"og:description\" content=\"Luxusn\u00e1 lavica \u010dal\u00fanen\u00e1 hov\u00e4dzou ko\u017eou. M\u00e4kk\u00fd, hust\u00fd chlp dlh\u00fd cca 2-3 cm. Dreven\u00fd korpus s molitanov\u00fdm sed\u00e1kom hr\u00fabky 4 cm zaist\u00ed pohodln\u00e9 posedenie. Oce\u013eov\u00e1 kon\u0161trukcia v \u010diernej farbe Komaxit.  Skladom tento konkr\u00e9tny kus.\" \/>\n<meta property=\"og:url\" content=\"https:\/\/www.scandesign.cz\/sk\/produkt\/luxusny-kozeny-taburet-lavica-henrik-hnedobiely-kopirovat\/\" \/>\n<meta property=\"og:site_name\" content=\"Scandesign\" \/>\n<meta property=\"article:modified_time\" content=\"2025-07-22T20:12:56+00:00\" \/>\n<meta property=\"og:image\" content=\"https:\/\/www.scandesign.cz\/wp-content\/uploads\/2025\/07\/IMG_6236.png\" \/>\n\t<meta property=\"og:image:width\" content=\"646\" \/>\n\t<meta property=\"og:image:height\" content=\"485\" \/>\n\t<meta property=\"og:image:type\" content=\"image\/png\" \/>\n<meta name=\"twitter:card\" content=\"summary_large_image\" \/>\n<meta name=\"twitter:label1\" content=\"Predpokladan\u00fd \u010das \u010d\u00edtania\" \/>\n\t<meta name=\"twitter:data1\" content=\"1 min\u00fata\" \/>\n<script type=\"application\/ld+json\" class=\"yoast-schema-graph\">{\"@context\":\"https:\/\/schema.org\",\"@graph\":[{\"@type\":\"WebPage\",\"@id\":\"https:\/\/www.scandesign.cz\/sk\/produkt\/luxusny-kozeny-taburet-lavica-henrik-hnedobiely-kopirovat\/\",\"url\":\"https:\/\/www.scandesign.cz\/sk\/produkt\/luxusny-kozeny-taburet-lavica-henrik-hnedobiely-kopirovat\/\",\"name\":\"Luxusn\u00fd ko\u017een\u00fd taburet - lavica - Henrik exotic tricolor &#8211; Scandesign\",\"isPartOf\":{\"@id\":\"https:\/\/www.scandesign.cz\/sk\/#website\"},\"primaryImageOfPage\":{\"@id\":\"https:\/\/www.scandesign.cz\/sk\/produkt\/luxusny-kozeny-taburet-lavica-henrik-hnedobiely-kopirovat\/#primaryimage\"},\"image\":{\"@id\":\"https:\/\/www.scandesign.cz\/sk\/produkt\/luxusny-kozeny-taburet-lavica-henrik-hnedobiely-kopirovat\/#primaryimage\"},\"thumbnailUrl\":\"https:\/\/www.scandesign.cz\/wp-content\/uploads\/2025\/07\/IMG_6236.png\",\"datePublished\":\"2025-07-22T20:09:07+00:00\",\"dateModified\":\"2025-07-22T20:12:56+00:00\",\"breadcrumb\":{\"@id\":\"https:\/\/www.scandesign.cz\/sk\/produkt\/luxusny-kozeny-taburet-lavica-henrik-hnedobiely-kopirovat\/#breadcrumb\"},\"inLanguage\":\"sk-SK\",\"potentialAction\":[{\"@type\":\"ReadAction\",\"target\":[\"https:\/\/www.scandesign.cz\/sk\/produkt\/luxusny-kozeny-taburet-lavica-henrik-hnedobiely-kopirovat\/\"]}]},{\"@type\":\"ImageObject\",\"inLanguage\":\"sk-SK\",\"@id\":\"https:\/\/www.scandesign.cz\/sk\/produkt\/luxusny-kozeny-taburet-lavica-henrik-hnedobiely-kopirovat\/#primaryimage\",\"url\":\"https:\/\/www.scandesign.cz\/wp-content\/uploads\/2025\/07\/IMG_6236.png\",\"contentUrl\":\"https:\/\/www.scandesign.cz\/wp-content\/uploads\/2025\/07\/IMG_6236.png\",\"width\":646,\"height\":485},{\"@type\":\"BreadcrumbList\",\"@id\":\"https:\/\/www.scandesign.cz\/sk\/produkt\/luxusny-kozeny-taburet-lavica-henrik-hnedobiely-kopirovat\/#breadcrumb\",\"itemListElement\":[{\"@type\":\"ListItem\",\"position\":1,\"name\":\"Dom\u016f\",\"item\":\"https:\/\/www.scandesign.cz\/sk\/\"},{\"@type\":\"ListItem\",\"position\":2,\"name\":\"Obchod\",\"item\":\"https:\/\/www.scandesign.cz\/sk\/obchod\/\"},{\"@type\":\"ListItem\",\"position\":3,\"name\":\"Luxusn\u00fd ko\u017een\u00fd taburet &#8211; lavica &#8211; Henrik exotic tricolor\"}]},{\"@type\":\"WebSite\",\"@id\":\"https:\/\/www.scandesign.cz\/sk\/#website\",\"url\":\"https:\/\/www.scandesign.cz\/sk\/\",\"name\":\"Scandesign\",\"description\":\"\",\"potentialAction\":[{\"@type\":\"SearchAction\",\"target\":{\"@type\":\"EntryPoint\",\"urlTemplate\":\"https:\/\/www.scandesign.cz\/sk\/?s={search_term_string}\"},\"query-input\":{\"@type\":\"PropertyValueSpecification\",\"valueRequired\":true,\"valueName\":\"search_term_string\"}}],\"inLanguage\":\"sk-SK\"}]}<\/script>\n<!-- \/ Yoast SEO plugin. -->","yoast_head_json":{"title":"Luxusn\u00fd ko\u017een\u00fd taburet - lavica - Henrik exotic tricolor &#8211; Scandesign","robots":{"index":"index","follow":"follow","max-snippet":"max-snippet:-1","max-image-preview":"max-image-preview:large","max-video-preview":"max-video-preview:-1"},"canonical":"https:\/\/www.scandesign.cz\/sk\/produkt\/luxusny-kozeny-taburet-lavica-henrik-hnedobiely-kopirovat\/","og_locale":"sk_SK","og_type":"article","og_title":"Luxusn\u00fd ko\u017een\u00fd taburet - lavica - Henrik exotic tricolor &#8211; Scandesign","og_description":"Luxusn\u00e1 lavica \u010dal\u00fanen\u00e1 hov\u00e4dzou ko\u017eou. M\u00e4kk\u00fd, hust\u00fd chlp dlh\u00fd cca 2-3 cm. Dreven\u00fd korpus s molitanov\u00fdm sed\u00e1kom hr\u00fabky 4 cm zaist\u00ed pohodln\u00e9 posedenie. Oce\u013eov\u00e1 kon\u0161trukcia v \u010diernej farbe Komaxit.  Skladom tento konkr\u00e9tny kus.","og_url":"https:\/\/www.scandesign.cz\/sk\/produkt\/luxusny-kozeny-taburet-lavica-henrik-hnedobiely-kopirovat\/","og_site_name":"Scandesign","article_modified_time":"2025-07-22T20:12:56+00:00","og_image":[{"width":646,"height":485,"url":"https:\/\/www.scandesign.cz\/wp-content\/uploads\/2025\/07\/IMG_6236.png","type":"image\/png"}],"twitter_card":"summary_large_image","twitter_misc":{"Predpokladan\u00fd \u010das \u010d\u00edtania":"1 min\u00fata"},"schema":{"@context":"https:\/\/schema.org","@graph":[{"@type":"WebPage","@id":"https:\/\/www.scandesign.cz\/sk\/produkt\/luxusny-kozeny-taburet-lavica-henrik-hnedobiely-kopirovat\/","url":"https:\/\/www.scandesign.cz\/sk\/produkt\/luxusny-kozeny-taburet-lavica-henrik-hnedobiely-kopirovat\/","name":"Luxusn\u00fd ko\u017een\u00fd taburet - lavica - Henrik exotic tricolor &#8211; Scandesign","isPartOf":{"@id":"https:\/\/www.scandesign.cz\/sk\/#website"},"primaryImageOfPage":{"@id":"https:\/\/www.scandesign.cz\/sk\/produkt\/luxusny-kozeny-taburet-lavica-henrik-hnedobiely-kopirovat\/#primaryimage"},"image":{"@id":"https:\/\/www.scandesign.cz\/sk\/produkt\/luxusny-kozeny-taburet-lavica-henrik-hnedobiely-kopirovat\/#primaryimage"},"thumbnailUrl":"https:\/\/www.scandesign.cz\/wp-content\/uploads\/2025\/07\/IMG_6236.png","datePublished":"2025-07-22T20:09:07+00:00","dateModified":"2025-07-22T20:12:56+00:00","breadcrumb":{"@id":"https:\/\/www.scandesign.cz\/sk\/produkt\/luxusny-kozeny-taburet-lavica-henrik-hnedobiely-kopirovat\/#breadcrumb"},"inLanguage":"sk-SK","potentialAction":[{"@type":"ReadAction","target":["https:\/\/www.scandesign.cz\/sk\/produkt\/luxusny-kozeny-taburet-lavica-henrik-hnedobiely-kopirovat\/"]}]},{"@type":"ImageObject","inLanguage":"sk-SK","@id":"https:\/\/www.scandesign.cz\/sk\/produkt\/luxusny-kozeny-taburet-lavica-henrik-hnedobiely-kopirovat\/#primaryimage","url":"https:\/\/www.scandesign.cz\/wp-content\/uploads\/2025\/07\/IMG_6236.png","contentUrl":"https:\/\/www.scandesign.cz\/wp-content\/uploads\/2025\/07\/IMG_6236.png","width":646,"height":485},{"@type":"BreadcrumbList","@id":"https:\/\/www.scandesign.cz\/sk\/produkt\/luxusny-kozeny-taburet-lavica-henrik-hnedobiely-kopirovat\/#breadcrumb","itemListElement":[{"@type":"ListItem","position":1,"name":"Dom\u016f","item":"https:\/\/www.scandesign.cz\/sk\/"},{"@type":"ListItem","position":2,"name":"Obchod","item":"https:\/\/www.scandesign.cz\/sk\/obchod\/"},{"@type":"ListItem","position":3,"name":"Luxusn\u00fd ko\u017een\u00fd taburet &#8211; lavica &#8211; Henrik exotic tricolor"}]},{"@type":"WebSite","@id":"https:\/\/www.scandesign.cz\/sk\/#website","url":"https:\/\/www.scandesign.cz\/sk\/","name":"Scandesign","description":"","potentialAction":[{"@type":"SearchAction","target":{"@type":"EntryPoint","urlTemplate":"https:\/\/www.scandesign.cz\/sk\/?s={search_term_string}"},"query-input":{"@type":"PropertyValueSpecification","valueRequired":true,"valueName":"search_term_string"}}],"inLanguage":"sk-SK"}]}},"_links":{"self":[{"href":"https:\/\/www.scandesign.cz\/sk\/wp-json\/wp\/v2\/product\/12387","targetHints":{"allow":["GET"]}}],"collection":[{"href":"https:\/\/www.scandesign.cz\/sk\/wp-json\/wp\/v2\/product"}],"about":[{"href":"https:\/\/www.scandesign.cz\/sk\/wp-json\/wp\/v2\/types\/product"}],"wp:featuredmedia":[{"embeddable":true,"href":"https:\/\/www.scandesign.cz\/sk\/wp-json\/wp\/v2\/media\/12393"}],"wp:attachment":[{"href":"https:\/\/www.scandesign.cz\/sk\/wp-json\/wp\/v2\/media?parent=12387"}],"wp:term":[{"taxonomy":"product_brand","embeddable":true,"href":"https:\/\/www.scandesign.cz\/sk\/wp-json\/wp\/v2\/product_brand?post=12387"},{"taxonomy":"product_cat","embeddable":true,"href":"https:\/\/www.scandesign.cz\/sk\/wp-json\/wp\/v2\/product_cat?post=12387"},{"taxonomy":"product_tag","embeddable":true,"href":"https:\/\/www.scandesign.cz\/sk\/wp-json\/wp\/v2\/product_tag?post=12387"}],"curies":[{"name":"wp","href":"https:\/\/api.w.org\/{rel}","templated":true}]}}