{"id":15711,"date":"2026-01-02T23:10:47","date_gmt":"2026-01-02T22:10:47","guid":{"rendered":"https:\/\/www.scandesign.cz\/?post_type=product&#038;p=15711"},"modified":"2026-01-02T23:12:28","modified_gmt":"2026-01-02T22:12:28","slug":"telacia-kozusinka-33-kopirovat","status":"publish","type":"product","link":"https:\/\/www.scandesign.cz\/sk\/produkt\/telacia-kozusinka-33-kopirovat\/","title":{"rendered":"Te\u013eacia ko\u017eu\u0161inka 34"},"content":{"rendered":"","protected":false},"excerpt":{"rendered":"<p>Te\u013eacia ko\u017eu\u0161inka s jemn\u00fdm, hust\u00fdm chlpom dlh\u00fdm cca 2 cm. Rozmery 100 cm x 80 cm s\u00fa pribli\u017en\u00e9.<\/p>\n<p>Foto konkr\u00e9tneho kusu.<\/p>\n<p>&nbsp;<\/p>\n<p>&nbsp;<\/p>\n<p>&nbsp;<\/p>\n<p>&nbsp;<\/p>\n<p>&nbsp;<\/p>\n","protected":false},"featured_media":15714,"template":"","meta":{"inline_featured_image":false},"product_brand":[],"product_cat":[162],"product_tag":[],"class_list":{"0":"post-15711","1":"product","2":"type-product","3":"status-publish","4":"has-post-thumbnail","6":"product_cat-teleci-kozesinky-sk","8":"first","9":"instock","10":"sale","11":"taxable","12":"shipping-taxable","13":"purchasable","14":"product-type-simple"},"acf":[],"yoast_head":"<!-- This site is optimized with the Yoast SEO plugin v24.6 - https:\/\/yoast.com\/wordpress\/plugins\/seo\/ -->\n<title>Te\u013eacia ko\u017eu\u0161inka 34 &#8211; Scandesign<\/title>\n<meta name=\"robots\" content=\"index, follow, max-snippet:-1, max-image-preview:large, max-video-preview:-1\" \/>\n<link rel=\"canonical\" href=\"https:\/\/www.scandesign.cz\/sk\/produkt\/telacia-kozusinka-33-kopirovat\/\" \/>\n<meta property=\"og:locale\" content=\"sk_SK\" \/>\n<meta property=\"og:type\" content=\"article\" \/>\n<meta property=\"og:title\" content=\"Te\u013eacia ko\u017eu\u0161inka 34 &#8211; Scandesign\" \/>\n<meta property=\"og:description\" content=\"Te\u013eacia ko\u017eu\u0161inka s jemn\u00fdm, hust\u00fdm chlpom dlh\u00fdm cca 2 cm. Rozmery 100 cm x 80 cm s\u00fa pribli\u017en\u00e9.  Foto konkr\u00e9tneho kusu.  &nbsp;  &nbsp;  &nbsp;  &nbsp;  &nbsp;\" \/>\n<meta property=\"og:url\" content=\"https:\/\/www.scandesign.cz\/sk\/produkt\/telacia-kozusinka-33-kopirovat\/\" \/>\n<meta property=\"og:site_name\" content=\"Scandesign\" \/>\n<meta property=\"article:modified_time\" content=\"2026-01-02T22:12:28+00:00\" \/>\n<meta property=\"og:image\" content=\"https:\/\/www.scandesign.cz\/wp-content\/uploads\/2026\/01\/IMG_8843-1024x768.png\" \/>\n\t<meta property=\"og:image:width\" content=\"1024\" \/>\n\t<meta property=\"og:image:height\" content=\"768\" \/>\n\t<meta property=\"og:image:type\" content=\"image\/png\" \/>\n<meta name=\"twitter:card\" content=\"summary_large_image\" \/>\n<meta name=\"twitter:label1\" content=\"Predpokladan\u00fd \u010das \u010d\u00edtania\" \/>\n\t<meta name=\"twitter:data1\" content=\"1 min\u00fata\" \/>\n<script type=\"application\/ld+json\" class=\"yoast-schema-graph\">{\"@context\":\"https:\/\/schema.org\",\"@graph\":[{\"@type\":\"WebPage\",\"@id\":\"https:\/\/www.scandesign.cz\/sk\/produkt\/telacia-kozusinka-33-kopirovat\/\",\"url\":\"https:\/\/www.scandesign.cz\/sk\/produkt\/telacia-kozusinka-33-kopirovat\/\",\"name\":\"Te\u013eacia ko\u017eu\u0161inka 34 &#8211; Scandesign\",\"isPartOf\":{\"@id\":\"https:\/\/www.scandesign.cz\/sk\/#website\"},\"primaryImageOfPage\":{\"@id\":\"https:\/\/www.scandesign.cz\/sk\/produkt\/telacia-kozusinka-33-kopirovat\/#primaryimage\"},\"image\":{\"@id\":\"https:\/\/www.scandesign.cz\/sk\/produkt\/telacia-kozusinka-33-kopirovat\/#primaryimage\"},\"thumbnailUrl\":\"https:\/\/www.scandesign.cz\/wp-content\/uploads\/2026\/01\/IMG_8843-scaled.png\",\"datePublished\":\"2026-01-02T22:10:47+00:00\",\"dateModified\":\"2026-01-02T22:12:28+00:00\",\"breadcrumb\":{\"@id\":\"https:\/\/www.scandesign.cz\/sk\/produkt\/telacia-kozusinka-33-kopirovat\/#breadcrumb\"},\"inLanguage\":\"sk-SK\",\"potentialAction\":[{\"@type\":\"ReadAction\",\"target\":[\"https:\/\/www.scandesign.cz\/sk\/produkt\/telacia-kozusinka-33-kopirovat\/\"]}]},{\"@type\":\"ImageObject\",\"inLanguage\":\"sk-SK\",\"@id\":\"https:\/\/www.scandesign.cz\/sk\/produkt\/telacia-kozusinka-33-kopirovat\/#primaryimage\",\"url\":\"https:\/\/www.scandesign.cz\/wp-content\/uploads\/2026\/01\/IMG_8843-scaled.png\",\"contentUrl\":\"https:\/\/www.scandesign.cz\/wp-content\/uploads\/2026\/01\/IMG_8843-scaled.png\",\"width\":2560,\"height\":1920},{\"@type\":\"BreadcrumbList\",\"@id\":\"https:\/\/www.scandesign.cz\/sk\/produkt\/telacia-kozusinka-33-kopirovat\/#breadcrumb\",\"itemListElement\":[{\"@type\":\"ListItem\",\"position\":1,\"name\":\"Dom\u016f\",\"item\":\"https:\/\/www.scandesign.cz\/sk\/\"},{\"@type\":\"ListItem\",\"position\":2,\"name\":\"Obchod\",\"item\":\"https:\/\/www.scandesign.cz\/sk\/obchod\/\"},{\"@type\":\"ListItem\",\"position\":3,\"name\":\"Te\u013eacia ko\u017eu\u0161inka 34\"}]},{\"@type\":\"WebSite\",\"@id\":\"https:\/\/www.scandesign.cz\/sk\/#website\",\"url\":\"https:\/\/www.scandesign.cz\/sk\/\",\"name\":\"Scandesign\",\"description\":\"\",\"potentialAction\":[{\"@type\":\"SearchAction\",\"target\":{\"@type\":\"EntryPoint\",\"urlTemplate\":\"https:\/\/www.scandesign.cz\/sk\/?s={search_term_string}\"},\"query-input\":{\"@type\":\"PropertyValueSpecification\",\"valueRequired\":true,\"valueName\":\"search_term_string\"}}],\"inLanguage\":\"sk-SK\"}]}<\/script>\n<!-- \/ Yoast SEO plugin. -->","yoast_head_json":{"title":"Te\u013eacia ko\u017eu\u0161inka 34 &#8211; Scandesign","robots":{"index":"index","follow":"follow","max-snippet":"max-snippet:-1","max-image-preview":"max-image-preview:large","max-video-preview":"max-video-preview:-1"},"canonical":"https:\/\/www.scandesign.cz\/sk\/produkt\/telacia-kozusinka-33-kopirovat\/","og_locale":"sk_SK","og_type":"article","og_title":"Te\u013eacia ko\u017eu\u0161inka 34 &#8211; Scandesign","og_description":"Te\u013eacia ko\u017eu\u0161inka s jemn\u00fdm, hust\u00fdm chlpom dlh\u00fdm cca 2 cm. Rozmery 100 cm x 80 cm s\u00fa pribli\u017en\u00e9.  Foto konkr\u00e9tneho kusu.  &nbsp;  &nbsp;  &nbsp;  &nbsp;  &nbsp;","og_url":"https:\/\/www.scandesign.cz\/sk\/produkt\/telacia-kozusinka-33-kopirovat\/","og_site_name":"Scandesign","article_modified_time":"2026-01-02T22:12:28+00:00","og_image":[{"width":1024,"height":768,"url":"https:\/\/www.scandesign.cz\/wp-content\/uploads\/2026\/01\/IMG_8843-1024x768.png","type":"image\/png"}],"twitter_card":"summary_large_image","twitter_misc":{"Predpokladan\u00fd \u010das \u010d\u00edtania":"1 min\u00fata"},"schema":{"@context":"https:\/\/schema.org","@graph":[{"@type":"WebPage","@id":"https:\/\/www.scandesign.cz\/sk\/produkt\/telacia-kozusinka-33-kopirovat\/","url":"https:\/\/www.scandesign.cz\/sk\/produkt\/telacia-kozusinka-33-kopirovat\/","name":"Te\u013eacia ko\u017eu\u0161inka 34 &#8211; Scandesign","isPartOf":{"@id":"https:\/\/www.scandesign.cz\/sk\/#website"},"primaryImageOfPage":{"@id":"https:\/\/www.scandesign.cz\/sk\/produkt\/telacia-kozusinka-33-kopirovat\/#primaryimage"},"image":{"@id":"https:\/\/www.scandesign.cz\/sk\/produkt\/telacia-kozusinka-33-kopirovat\/#primaryimage"},"thumbnailUrl":"https:\/\/www.scandesign.cz\/wp-content\/uploads\/2026\/01\/IMG_8843-scaled.png","datePublished":"2026-01-02T22:10:47+00:00","dateModified":"2026-01-02T22:12:28+00:00","breadcrumb":{"@id":"https:\/\/www.scandesign.cz\/sk\/produkt\/telacia-kozusinka-33-kopirovat\/#breadcrumb"},"inLanguage":"sk-SK","potentialAction":[{"@type":"ReadAction","target":["https:\/\/www.scandesign.cz\/sk\/produkt\/telacia-kozusinka-33-kopirovat\/"]}]},{"@type":"ImageObject","inLanguage":"sk-SK","@id":"https:\/\/www.scandesign.cz\/sk\/produkt\/telacia-kozusinka-33-kopirovat\/#primaryimage","url":"https:\/\/www.scandesign.cz\/wp-content\/uploads\/2026\/01\/IMG_8843-scaled.png","contentUrl":"https:\/\/www.scandesign.cz\/wp-content\/uploads\/2026\/01\/IMG_8843-scaled.png","width":2560,"height":1920},{"@type":"BreadcrumbList","@id":"https:\/\/www.scandesign.cz\/sk\/produkt\/telacia-kozusinka-33-kopirovat\/#breadcrumb","itemListElement":[{"@type":"ListItem","position":1,"name":"Dom\u016f","item":"https:\/\/www.scandesign.cz\/sk\/"},{"@type":"ListItem","position":2,"name":"Obchod","item":"https:\/\/www.scandesign.cz\/sk\/obchod\/"},{"@type":"ListItem","position":3,"name":"Te\u013eacia ko\u017eu\u0161inka 34"}]},{"@type":"WebSite","@id":"https:\/\/www.scandesign.cz\/sk\/#website","url":"https:\/\/www.scandesign.cz\/sk\/","name":"Scandesign","description":"","potentialAction":[{"@type":"SearchAction","target":{"@type":"EntryPoint","urlTemplate":"https:\/\/www.scandesign.cz\/sk\/?s={search_term_string}"},"query-input":{"@type":"PropertyValueSpecification","valueRequired":true,"valueName":"search_term_string"}}],"inLanguage":"sk-SK"}]}},"_links":{"self":[{"href":"https:\/\/www.scandesign.cz\/sk\/wp-json\/wp\/v2\/product\/15711","targetHints":{"allow":["GET"]}}],"collection":[{"href":"https:\/\/www.scandesign.cz\/sk\/wp-json\/wp\/v2\/product"}],"about":[{"href":"https:\/\/www.scandesign.cz\/sk\/wp-json\/wp\/v2\/types\/product"}],"wp:featuredmedia":[{"embeddable":true,"href":"https:\/\/www.scandesign.cz\/sk\/wp-json\/wp\/v2\/media\/15714"}],"wp:attachment":[{"href":"https:\/\/www.scandesign.cz\/sk\/wp-json\/wp\/v2\/media?parent=15711"}],"wp:term":[{"taxonomy":"product_brand","embeddable":true,"href":"https:\/\/www.scandesign.cz\/sk\/wp-json\/wp\/v2\/product_brand?post=15711"},{"taxonomy":"product_cat","embeddable":true,"href":"https:\/\/www.scandesign.cz\/sk\/wp-json\/wp\/v2\/product_cat?post=15711"},{"taxonomy":"product_tag","embeddable":true,"href":"https:\/\/www.scandesign.cz\/sk\/wp-json\/wp\/v2\/product_tag?post=15711"}],"curies":[{"name":"wp","href":"https:\/\/api.w.org\/{rel}","templated":true}]}}