{"id":8043,"date":"2023-11-06T19:07:16","date_gmt":"2023-11-06T18:07:16","guid":{"rendered":"https:\/\/scandesign.cz\/produkt\/koberec-kusovy-hovezi-kuze-38-m2-tricolor-sul-a-pepr-25\/"},"modified":"2025-01-29T11:33:53","modified_gmt":"2025-01-29T10:33:53","slug":"koberec-kusovy-hovezi-kuze-38-m2-tricolor-sul-a-pepr-25","status":"publish","type":"product","link":"https:\/\/www.scandesign.cz\/sk\/produkt\/koberec-kusovy-hovezi-kuze-38-m2-tricolor-sul-a-pepr-25\/","title":{"rendered":"Koberec kusov\u00fd hov\u00e4dzia ko\u017ea 3,8 m2, tricolor so\u013e a korenie 25"},"content":{"rendered":"","protected":false},"excerpt":{"rendered":"<p>Kr\u00e1sne vyfarben\u00e1, stredne ve\u013ek\u00e1 ko\u017ea s m\u00e4kk\u00fdm a hust\u00fdm chlpom, dlh\u00fdm cca 0,5 cm. Ko\u017ea je m\u00e4kko roben\u00e1. Foto konkr\u00e9tneho kusu. Ko\u017ea m\u00e1 viac drobn\u00fdch opr\u00e1v, ktor\u00e9 ale v\u00fdborne zapadaj\u00fa do jej farebnosti \u2013 z\u013eava.<\/p>\n","protected":false},"featured_media":6774,"template":"","meta":{"inline_featured_image":false},"product_brand":[],"product_cat":[98,140],"product_tag":[],"class_list":{"0":"post-8043","1":"product","2":"type-product","3":"status-publish","4":"has-post-thumbnail","6":"product_cat-hovadzia-koza","7":"product_cat-dekoracne-koze","8":"pa_velikost-kuze-30-39-m2-sk","10":"first","11":"instock","12":"sale","13":"sold-individually","14":"taxable","15":"shipping-taxable","16":"purchasable","17":"product-type-simple"},"acf":[],"yoast_head":"<!-- This site is optimized with the Yoast SEO plugin v24.6 - https:\/\/yoast.com\/wordpress\/plugins\/seo\/ -->\n<title>Koberec kusov\u00fd hov\u00e4dzia ko\u017ea 3,8 m2, tricolor so\u013e a korenie 25 &#8211; Scandesign<\/title>\n<meta name=\"robots\" content=\"index, follow, max-snippet:-1, max-image-preview:large, max-video-preview:-1\" \/>\n<link rel=\"canonical\" href=\"https:\/\/www.scandesign.cz\/sk\/produkt\/koberec-kusovy-hovezi-kuze-38-m2-tricolor-sul-a-pepr-25\/\" \/>\n<meta property=\"og:locale\" content=\"sk_SK\" \/>\n<meta property=\"og:type\" content=\"article\" \/>\n<meta property=\"og:title\" content=\"Koberec kusov\u00fd hov\u00e4dzia ko\u017ea 3,8 m2, tricolor so\u013e a korenie 25 &#8211; Scandesign\" \/>\n<meta property=\"og:description\" content=\"Kr\u00e1sne vyfarben\u00e1, stredne ve\u013ek\u00e1 ko\u017ea s m\u00e4kk\u00fdm a hust\u00fdm chlpom, dlh\u00fdm cca 0,5 cm. Ko\u017ea je m\u00e4kko roben\u00e1. Foto konkr\u00e9tneho kusu. Ko\u017ea m\u00e1 viac drobn\u00fdch opr\u00e1v, ktor\u00e9 ale v\u00fdborne zapadaj\u00fa do jej farebnosti \u2013 z\u013eava.\" \/>\n<meta property=\"og:url\" content=\"https:\/\/www.scandesign.cz\/sk\/produkt\/koberec-kusovy-hovezi-kuze-38-m2-tricolor-sul-a-pepr-25\/\" \/>\n<meta property=\"og:site_name\" content=\"Scandesign\" \/>\n<meta property=\"article:modified_time\" content=\"2025-01-29T10:33:53+00:00\" \/>\n<meta property=\"og:image\" content=\"https:\/\/www.scandesign.cz\/wp-content\/uploads\/2024\/12\/IMG_2114.jpg\" \/>\n\t<meta property=\"og:image:width\" content=\"1200\" \/>\n\t<meta property=\"og:image:height\" content=\"900\" \/>\n\t<meta property=\"og:image:type\" content=\"image\/jpeg\" \/>\n<meta name=\"twitter:card\" content=\"summary_large_image\" \/>\n<script type=\"application\/ld+json\" class=\"yoast-schema-graph\">{\"@context\":\"https:\/\/schema.org\",\"@graph\":[{\"@type\":\"WebPage\",\"@id\":\"https:\/\/www.scandesign.cz\/sk\/produkt\/koberec-kusovy-hovezi-kuze-38-m2-tricolor-sul-a-pepr-25\/\",\"url\":\"https:\/\/www.scandesign.cz\/sk\/produkt\/koberec-kusovy-hovezi-kuze-38-m2-tricolor-sul-a-pepr-25\/\",\"name\":\"Koberec kusov\u00fd hov\u00e4dzia ko\u017ea 3,8 m2, tricolor so\u013e a korenie 25 &#8211; Scandesign\",\"isPartOf\":{\"@id\":\"https:\/\/www.scandesign.cz\/sk\/#website\"},\"primaryImageOfPage\":{\"@id\":\"https:\/\/www.scandesign.cz\/sk\/produkt\/koberec-kusovy-hovezi-kuze-38-m2-tricolor-sul-a-pepr-25\/#primaryimage\"},\"image\":{\"@id\":\"https:\/\/www.scandesign.cz\/sk\/produkt\/koberec-kusovy-hovezi-kuze-38-m2-tricolor-sul-a-pepr-25\/#primaryimage\"},\"thumbnailUrl\":\"https:\/\/www.scandesign.cz\/wp-content\/uploads\/2024\/12\/IMG_2114.jpg\",\"datePublished\":\"2023-11-06T18:07:16+00:00\",\"dateModified\":\"2025-01-29T10:33:53+00:00\",\"breadcrumb\":{\"@id\":\"https:\/\/www.scandesign.cz\/sk\/produkt\/koberec-kusovy-hovezi-kuze-38-m2-tricolor-sul-a-pepr-25\/#breadcrumb\"},\"inLanguage\":\"sk-SK\",\"potentialAction\":[{\"@type\":\"ReadAction\",\"target\":[\"https:\/\/www.scandesign.cz\/sk\/produkt\/koberec-kusovy-hovezi-kuze-38-m2-tricolor-sul-a-pepr-25\/\"]}]},{\"@type\":\"ImageObject\",\"inLanguage\":\"sk-SK\",\"@id\":\"https:\/\/www.scandesign.cz\/sk\/produkt\/koberec-kusovy-hovezi-kuze-38-m2-tricolor-sul-a-pepr-25\/#primaryimage\",\"url\":\"https:\/\/www.scandesign.cz\/wp-content\/uploads\/2024\/12\/IMG_2114.jpg\",\"contentUrl\":\"https:\/\/www.scandesign.cz\/wp-content\/uploads\/2024\/12\/IMG_2114.jpg\",\"width\":1200,\"height\":900},{\"@type\":\"BreadcrumbList\",\"@id\":\"https:\/\/www.scandesign.cz\/sk\/produkt\/koberec-kusovy-hovezi-kuze-38-m2-tricolor-sul-a-pepr-25\/#breadcrumb\",\"itemListElement\":[{\"@type\":\"ListItem\",\"position\":1,\"name\":\"Dom\u016f\",\"item\":\"https:\/\/www.scandesign.cz\/sk\/\"},{\"@type\":\"ListItem\",\"position\":2,\"name\":\"Obchod\",\"item\":\"https:\/\/www.scandesign.cz\/sk\/obchod\/\"},{\"@type\":\"ListItem\",\"position\":3,\"name\":\"Koberec kusov\u00fd hov\u00e4dzia ko\u017ea 3,8 m2, tricolor so\u013e a korenie 25\"}]},{\"@type\":\"WebSite\",\"@id\":\"https:\/\/www.scandesign.cz\/sk\/#website\",\"url\":\"https:\/\/www.scandesign.cz\/sk\/\",\"name\":\"Scandesign\",\"description\":\"\",\"potentialAction\":[{\"@type\":\"SearchAction\",\"target\":{\"@type\":\"EntryPoint\",\"urlTemplate\":\"https:\/\/www.scandesign.cz\/sk\/?s={search_term_string}\"},\"query-input\":{\"@type\":\"PropertyValueSpecification\",\"valueRequired\":true,\"valueName\":\"search_term_string\"}}],\"inLanguage\":\"sk-SK\"}]}<\/script>\n<!-- \/ Yoast SEO plugin. -->","yoast_head_json":{"title":"Koberec kusov\u00fd hov\u00e4dzia ko\u017ea 3,8 m2, tricolor so\u013e a korenie 25 &#8211; Scandesign","robots":{"index":"index","follow":"follow","max-snippet":"max-snippet:-1","max-image-preview":"max-image-preview:large","max-video-preview":"max-video-preview:-1"},"canonical":"https:\/\/www.scandesign.cz\/sk\/produkt\/koberec-kusovy-hovezi-kuze-38-m2-tricolor-sul-a-pepr-25\/","og_locale":"sk_SK","og_type":"article","og_title":"Koberec kusov\u00fd hov\u00e4dzia ko\u017ea 3,8 m2, tricolor so\u013e a korenie 25 &#8211; Scandesign","og_description":"Kr\u00e1sne vyfarben\u00e1, stredne ve\u013ek\u00e1 ko\u017ea s m\u00e4kk\u00fdm a hust\u00fdm chlpom, dlh\u00fdm cca 0,5 cm. Ko\u017ea je m\u00e4kko roben\u00e1. Foto konkr\u00e9tneho kusu. Ko\u017ea m\u00e1 viac drobn\u00fdch opr\u00e1v, ktor\u00e9 ale v\u00fdborne zapadaj\u00fa do jej farebnosti \u2013 z\u013eava.","og_url":"https:\/\/www.scandesign.cz\/sk\/produkt\/koberec-kusovy-hovezi-kuze-38-m2-tricolor-sul-a-pepr-25\/","og_site_name":"Scandesign","article_modified_time":"2025-01-29T10:33:53+00:00","og_image":[{"width":1200,"height":900,"url":"https:\/\/www.scandesign.cz\/wp-content\/uploads\/2024\/12\/IMG_2114.jpg","type":"image\/jpeg"}],"twitter_card":"summary_large_image","schema":{"@context":"https:\/\/schema.org","@graph":[{"@type":"WebPage","@id":"https:\/\/www.scandesign.cz\/sk\/produkt\/koberec-kusovy-hovezi-kuze-38-m2-tricolor-sul-a-pepr-25\/","url":"https:\/\/www.scandesign.cz\/sk\/produkt\/koberec-kusovy-hovezi-kuze-38-m2-tricolor-sul-a-pepr-25\/","name":"Koberec kusov\u00fd hov\u00e4dzia ko\u017ea 3,8 m2, tricolor so\u013e a korenie 25 &#8211; Scandesign","isPartOf":{"@id":"https:\/\/www.scandesign.cz\/sk\/#website"},"primaryImageOfPage":{"@id":"https:\/\/www.scandesign.cz\/sk\/produkt\/koberec-kusovy-hovezi-kuze-38-m2-tricolor-sul-a-pepr-25\/#primaryimage"},"image":{"@id":"https:\/\/www.scandesign.cz\/sk\/produkt\/koberec-kusovy-hovezi-kuze-38-m2-tricolor-sul-a-pepr-25\/#primaryimage"},"thumbnailUrl":"https:\/\/www.scandesign.cz\/wp-content\/uploads\/2024\/12\/IMG_2114.jpg","datePublished":"2023-11-06T18:07:16+00:00","dateModified":"2025-01-29T10:33:53+00:00","breadcrumb":{"@id":"https:\/\/www.scandesign.cz\/sk\/produkt\/koberec-kusovy-hovezi-kuze-38-m2-tricolor-sul-a-pepr-25\/#breadcrumb"},"inLanguage":"sk-SK","potentialAction":[{"@type":"ReadAction","target":["https:\/\/www.scandesign.cz\/sk\/produkt\/koberec-kusovy-hovezi-kuze-38-m2-tricolor-sul-a-pepr-25\/"]}]},{"@type":"ImageObject","inLanguage":"sk-SK","@id":"https:\/\/www.scandesign.cz\/sk\/produkt\/koberec-kusovy-hovezi-kuze-38-m2-tricolor-sul-a-pepr-25\/#primaryimage","url":"https:\/\/www.scandesign.cz\/wp-content\/uploads\/2024\/12\/IMG_2114.jpg","contentUrl":"https:\/\/www.scandesign.cz\/wp-content\/uploads\/2024\/12\/IMG_2114.jpg","width":1200,"height":900},{"@type":"BreadcrumbList","@id":"https:\/\/www.scandesign.cz\/sk\/produkt\/koberec-kusovy-hovezi-kuze-38-m2-tricolor-sul-a-pepr-25\/#breadcrumb","itemListElement":[{"@type":"ListItem","position":1,"name":"Dom\u016f","item":"https:\/\/www.scandesign.cz\/sk\/"},{"@type":"ListItem","position":2,"name":"Obchod","item":"https:\/\/www.scandesign.cz\/sk\/obchod\/"},{"@type":"ListItem","position":3,"name":"Koberec kusov\u00fd hov\u00e4dzia ko\u017ea 3,8 m2, tricolor so\u013e a korenie 25"}]},{"@type":"WebSite","@id":"https:\/\/www.scandesign.cz\/sk\/#website","url":"https:\/\/www.scandesign.cz\/sk\/","name":"Scandesign","description":"","potentialAction":[{"@type":"SearchAction","target":{"@type":"EntryPoint","urlTemplate":"https:\/\/www.scandesign.cz\/sk\/?s={search_term_string}"},"query-input":{"@type":"PropertyValueSpecification","valueRequired":true,"valueName":"search_term_string"}}],"inLanguage":"sk-SK"}]}},"_links":{"self":[{"href":"https:\/\/www.scandesign.cz\/sk\/wp-json\/wp\/v2\/product\/8043","targetHints":{"allow":["GET"]}}],"collection":[{"href":"https:\/\/www.scandesign.cz\/sk\/wp-json\/wp\/v2\/product"}],"about":[{"href":"https:\/\/www.scandesign.cz\/sk\/wp-json\/wp\/v2\/types\/product"}],"wp:featuredmedia":[{"embeddable":true,"href":"https:\/\/www.scandesign.cz\/sk\/wp-json\/wp\/v2\/media\/6774"}],"wp:attachment":[{"href":"https:\/\/www.scandesign.cz\/sk\/wp-json\/wp\/v2\/media?parent=8043"}],"wp:term":[{"taxonomy":"product_brand","embeddable":true,"href":"https:\/\/www.scandesign.cz\/sk\/wp-json\/wp\/v2\/product_brand?post=8043"},{"taxonomy":"product_cat","embeddable":true,"href":"https:\/\/www.scandesign.cz\/sk\/wp-json\/wp\/v2\/product_cat?post=8043"},{"taxonomy":"product_tag","embeddable":true,"href":"https:\/\/www.scandesign.cz\/sk\/wp-json\/wp\/v2\/product_tag?post=8043"}],"curies":[{"name":"wp","href":"https:\/\/api.w.org\/{rel}","templated":true}]}}