{"id":8065,"date":"2023-08-17T18:13:59","date_gmt":"2023-08-17T16:13:59","guid":{"rendered":"https:\/\/scandesign.cz\/produkt\/polstarek-z-ovci-kuze-strizeny-chlup-oboustranny-50x50-hnedy-kastan\/"},"modified":"2025-01-30T12:55:08","modified_gmt":"2025-01-30T11:55:08","slug":"polstarek-z-ovci-kuze-strizeny-chlup-oboustranny-50x50-hnedy-kastan","status":"publish","type":"product","link":"https:\/\/www.scandesign.cz\/sk\/produkt\/polstarek-z-ovci-kuze-strizeny-chlup-oboustranny-50x50-hnedy-kastan\/","title":{"rendered":"Vank\u00fa\u0161ik z ov\u010dej ko\u017ee &#8211; strihan\u00fd chlp, obojstrann\u00fd 50&#215;50, hned\u00fd ga\u0161tan"},"content":{"rendered":"<div class=\"wp-menu-arrow\"><\/div>\n<div class=\"wp-menu-name\"><\/div>\n<p>&nbsp;<\/p>\n","protected":false},"excerpt":{"rendered":"<p>Luxusn\u00fd vank\u00fa\u0161ik z ov\u010dej ko\u017ee. Strihan\u00fd, kr\u00e1sne jemn\u00fd chlp po oboch stran\u00e1ch. Farben\u00e1 ko\u017ea &#8211; ga\u0161tanovo hned\u00e1.<br \/>\n\u0160t\u00fdlov\u00fd bytov\u00fd doplnok, ktor\u00fd z\u00fatuln\u00ed ka\u017ed\u00fd interi\u00e9r. Vonia.<\/p>\n<p>D\u013a\u017eka chlpu 5 cm.<\/p>\n","protected":false},"featured_media":6688,"template":"","meta":{"inline_featured_image":false},"product_brand":[],"product_cat":[148,150],"product_tag":[],"class_list":{"0":"post-8065","1":"product","2":"type-product","3":"status-publish","4":"has-post-thumbnail","6":"product_cat-ovcie-kozusiny","7":"product_cat-vankuse-sk","8":"pa_velikost-ovciho-polstare-50-x-50-cm-sk","10":"first","11":"instock","12":"taxable","13":"shipping-taxable","14":"purchasable","15":"product-type-simple"},"acf":[],"yoast_head":"<!-- This site is optimized with the Yoast SEO plugin v24.6 - https:\/\/yoast.com\/wordpress\/plugins\/seo\/ -->\n<title>Vank\u00fa\u0161ik z ov\u010dej ko\u017ee - strihan\u00fd chlp, obojstrann\u00fd 50x50, hned\u00fd ga\u0161tan &#8211; Scandesign<\/title>\n<meta name=\"robots\" content=\"index, follow, max-snippet:-1, max-image-preview:large, max-video-preview:-1\" \/>\n<link rel=\"canonical\" href=\"https:\/\/www.scandesign.cz\/sk\/produkt\/polstarek-z-ovci-kuze-strizeny-chlup-oboustranny-50x50-hnedy-kastan\/\" \/>\n<meta property=\"og:locale\" content=\"sk_SK\" \/>\n<meta property=\"og:type\" content=\"article\" \/>\n<meta property=\"og:title\" content=\"Vank\u00fa\u0161ik z ov\u010dej ko\u017ee - strihan\u00fd chlp, obojstrann\u00fd 50x50, hned\u00fd ga\u0161tan &#8211; Scandesign\" \/>\n<meta property=\"og:description\" content=\"Luxusn\u00fd vank\u00fa\u0161ik z ov\u010dej ko\u017ee. Strihan\u00fd, kr\u00e1sne jemn\u00fd chlp po oboch stran\u00e1ch. Farben\u00e1 ko\u017ea - ga\u0161tanovo hned\u00e1. \u0160t\u00fdlov\u00fd bytov\u00fd doplnok, ktor\u00fd z\u00fatuln\u00ed ka\u017ed\u00fd interi\u00e9r. Vonia.  D\u013a\u017eka chlpu 5 cm.\" \/>\n<meta property=\"og:url\" content=\"https:\/\/www.scandesign.cz\/sk\/produkt\/polstarek-z-ovci-kuze-strizeny-chlup-oboustranny-50x50-hnedy-kastan\/\" \/>\n<meta property=\"og:site_name\" content=\"Scandesign\" \/>\n<meta property=\"article:modified_time\" content=\"2025-01-30T11:55:08+00:00\" \/>\n<meta property=\"og:image\" content=\"https:\/\/www.scandesign.cz\/wp-content\/uploads\/2024\/12\/IMG_1429.jpg\" \/>\n\t<meta property=\"og:image:width\" content=\"1200\" \/>\n\t<meta property=\"og:image:height\" content=\"900\" \/>\n\t<meta property=\"og:image:type\" content=\"image\/jpeg\" \/>\n<meta name=\"twitter:card\" content=\"summary_large_image\" \/>\n<script type=\"application\/ld+json\" class=\"yoast-schema-graph\">{\"@context\":\"https:\/\/schema.org\",\"@graph\":[{\"@type\":\"WebPage\",\"@id\":\"https:\/\/www.scandesign.cz\/sk\/produkt\/polstarek-z-ovci-kuze-strizeny-chlup-oboustranny-50x50-hnedy-kastan\/\",\"url\":\"https:\/\/www.scandesign.cz\/sk\/produkt\/polstarek-z-ovci-kuze-strizeny-chlup-oboustranny-50x50-hnedy-kastan\/\",\"name\":\"Vank\u00fa\u0161ik z ov\u010dej ko\u017ee - strihan\u00fd chlp, obojstrann\u00fd 50x50, hned\u00fd ga\u0161tan &#8211; Scandesign\",\"isPartOf\":{\"@id\":\"https:\/\/www.scandesign.cz\/sk\/#website\"},\"primaryImageOfPage\":{\"@id\":\"https:\/\/www.scandesign.cz\/sk\/produkt\/polstarek-z-ovci-kuze-strizeny-chlup-oboustranny-50x50-hnedy-kastan\/#primaryimage\"},\"image\":{\"@id\":\"https:\/\/www.scandesign.cz\/sk\/produkt\/polstarek-z-ovci-kuze-strizeny-chlup-oboustranny-50x50-hnedy-kastan\/#primaryimage\"},\"thumbnailUrl\":\"https:\/\/www.scandesign.cz\/wp-content\/uploads\/2024\/12\/IMG_1429.jpg\",\"datePublished\":\"2023-08-17T16:13:59+00:00\",\"dateModified\":\"2025-01-30T11:55:08+00:00\",\"breadcrumb\":{\"@id\":\"https:\/\/www.scandesign.cz\/sk\/produkt\/polstarek-z-ovci-kuze-strizeny-chlup-oboustranny-50x50-hnedy-kastan\/#breadcrumb\"},\"inLanguage\":\"sk-SK\",\"potentialAction\":[{\"@type\":\"ReadAction\",\"target\":[\"https:\/\/www.scandesign.cz\/sk\/produkt\/polstarek-z-ovci-kuze-strizeny-chlup-oboustranny-50x50-hnedy-kastan\/\"]}]},{\"@type\":\"ImageObject\",\"inLanguage\":\"sk-SK\",\"@id\":\"https:\/\/www.scandesign.cz\/sk\/produkt\/polstarek-z-ovci-kuze-strizeny-chlup-oboustranny-50x50-hnedy-kastan\/#primaryimage\",\"url\":\"https:\/\/www.scandesign.cz\/wp-content\/uploads\/2024\/12\/IMG_1429.jpg\",\"contentUrl\":\"https:\/\/www.scandesign.cz\/wp-content\/uploads\/2024\/12\/IMG_1429.jpg\",\"width\":1200,\"height\":900},{\"@type\":\"BreadcrumbList\",\"@id\":\"https:\/\/www.scandesign.cz\/sk\/produkt\/polstarek-z-ovci-kuze-strizeny-chlup-oboustranny-50x50-hnedy-kastan\/#breadcrumb\",\"itemListElement\":[{\"@type\":\"ListItem\",\"position\":1,\"name\":\"Dom\u016f\",\"item\":\"https:\/\/www.scandesign.cz\/sk\/\"},{\"@type\":\"ListItem\",\"position\":2,\"name\":\"Obchod\",\"item\":\"https:\/\/www.scandesign.cz\/sk\/obchod\/\"},{\"@type\":\"ListItem\",\"position\":3,\"name\":\"Vank\u00fa\u0161ik z ov\u010dej ko\u017ee &#8211; strihan\u00fd chlp, obojstrann\u00fd 50&#215;50, hned\u00fd ga\u0161tan\"}]},{\"@type\":\"WebSite\",\"@id\":\"https:\/\/www.scandesign.cz\/sk\/#website\",\"url\":\"https:\/\/www.scandesign.cz\/sk\/\",\"name\":\"Scandesign\",\"description\":\"\",\"potentialAction\":[{\"@type\":\"SearchAction\",\"target\":{\"@type\":\"EntryPoint\",\"urlTemplate\":\"https:\/\/www.scandesign.cz\/sk\/?s={search_term_string}\"},\"query-input\":{\"@type\":\"PropertyValueSpecification\",\"valueRequired\":true,\"valueName\":\"search_term_string\"}}],\"inLanguage\":\"sk-SK\"}]}<\/script>\n<!-- \/ Yoast SEO plugin. -->","yoast_head_json":{"title":"Vank\u00fa\u0161ik z ov\u010dej ko\u017ee - strihan\u00fd chlp, obojstrann\u00fd 50x50, hned\u00fd ga\u0161tan &#8211; Scandesign","robots":{"index":"index","follow":"follow","max-snippet":"max-snippet:-1","max-image-preview":"max-image-preview:large","max-video-preview":"max-video-preview:-1"},"canonical":"https:\/\/www.scandesign.cz\/sk\/produkt\/polstarek-z-ovci-kuze-strizeny-chlup-oboustranny-50x50-hnedy-kastan\/","og_locale":"sk_SK","og_type":"article","og_title":"Vank\u00fa\u0161ik z ov\u010dej ko\u017ee - strihan\u00fd chlp, obojstrann\u00fd 50x50, hned\u00fd ga\u0161tan &#8211; Scandesign","og_description":"Luxusn\u00fd vank\u00fa\u0161ik z ov\u010dej ko\u017ee. Strihan\u00fd, kr\u00e1sne jemn\u00fd chlp po oboch stran\u00e1ch. Farben\u00e1 ko\u017ea - ga\u0161tanovo hned\u00e1. \u0160t\u00fdlov\u00fd bytov\u00fd doplnok, ktor\u00fd z\u00fatuln\u00ed ka\u017ed\u00fd interi\u00e9r. Vonia.  D\u013a\u017eka chlpu 5 cm.","og_url":"https:\/\/www.scandesign.cz\/sk\/produkt\/polstarek-z-ovci-kuze-strizeny-chlup-oboustranny-50x50-hnedy-kastan\/","og_site_name":"Scandesign","article_modified_time":"2025-01-30T11:55:08+00:00","og_image":[{"width":1200,"height":900,"url":"https:\/\/www.scandesign.cz\/wp-content\/uploads\/2024\/12\/IMG_1429.jpg","type":"image\/jpeg"}],"twitter_card":"summary_large_image","schema":{"@context":"https:\/\/schema.org","@graph":[{"@type":"WebPage","@id":"https:\/\/www.scandesign.cz\/sk\/produkt\/polstarek-z-ovci-kuze-strizeny-chlup-oboustranny-50x50-hnedy-kastan\/","url":"https:\/\/www.scandesign.cz\/sk\/produkt\/polstarek-z-ovci-kuze-strizeny-chlup-oboustranny-50x50-hnedy-kastan\/","name":"Vank\u00fa\u0161ik z ov\u010dej ko\u017ee - strihan\u00fd chlp, obojstrann\u00fd 50x50, hned\u00fd ga\u0161tan &#8211; Scandesign","isPartOf":{"@id":"https:\/\/www.scandesign.cz\/sk\/#website"},"primaryImageOfPage":{"@id":"https:\/\/www.scandesign.cz\/sk\/produkt\/polstarek-z-ovci-kuze-strizeny-chlup-oboustranny-50x50-hnedy-kastan\/#primaryimage"},"image":{"@id":"https:\/\/www.scandesign.cz\/sk\/produkt\/polstarek-z-ovci-kuze-strizeny-chlup-oboustranny-50x50-hnedy-kastan\/#primaryimage"},"thumbnailUrl":"https:\/\/www.scandesign.cz\/wp-content\/uploads\/2024\/12\/IMG_1429.jpg","datePublished":"2023-08-17T16:13:59+00:00","dateModified":"2025-01-30T11:55:08+00:00","breadcrumb":{"@id":"https:\/\/www.scandesign.cz\/sk\/produkt\/polstarek-z-ovci-kuze-strizeny-chlup-oboustranny-50x50-hnedy-kastan\/#breadcrumb"},"inLanguage":"sk-SK","potentialAction":[{"@type":"ReadAction","target":["https:\/\/www.scandesign.cz\/sk\/produkt\/polstarek-z-ovci-kuze-strizeny-chlup-oboustranny-50x50-hnedy-kastan\/"]}]},{"@type":"ImageObject","inLanguage":"sk-SK","@id":"https:\/\/www.scandesign.cz\/sk\/produkt\/polstarek-z-ovci-kuze-strizeny-chlup-oboustranny-50x50-hnedy-kastan\/#primaryimage","url":"https:\/\/www.scandesign.cz\/wp-content\/uploads\/2024\/12\/IMG_1429.jpg","contentUrl":"https:\/\/www.scandesign.cz\/wp-content\/uploads\/2024\/12\/IMG_1429.jpg","width":1200,"height":900},{"@type":"BreadcrumbList","@id":"https:\/\/www.scandesign.cz\/sk\/produkt\/polstarek-z-ovci-kuze-strizeny-chlup-oboustranny-50x50-hnedy-kastan\/#breadcrumb","itemListElement":[{"@type":"ListItem","position":1,"name":"Dom\u016f","item":"https:\/\/www.scandesign.cz\/sk\/"},{"@type":"ListItem","position":2,"name":"Obchod","item":"https:\/\/www.scandesign.cz\/sk\/obchod\/"},{"@type":"ListItem","position":3,"name":"Vank\u00fa\u0161ik z ov\u010dej ko\u017ee &#8211; strihan\u00fd chlp, obojstrann\u00fd 50&#215;50, hned\u00fd ga\u0161tan"}]},{"@type":"WebSite","@id":"https:\/\/www.scandesign.cz\/sk\/#website","url":"https:\/\/www.scandesign.cz\/sk\/","name":"Scandesign","description":"","potentialAction":[{"@type":"SearchAction","target":{"@type":"EntryPoint","urlTemplate":"https:\/\/www.scandesign.cz\/sk\/?s={search_term_string}"},"query-input":{"@type":"PropertyValueSpecification","valueRequired":true,"valueName":"search_term_string"}}],"inLanguage":"sk-SK"}]}},"_links":{"self":[{"href":"https:\/\/www.scandesign.cz\/sk\/wp-json\/wp\/v2\/product\/8065","targetHints":{"allow":["GET"]}}],"collection":[{"href":"https:\/\/www.scandesign.cz\/sk\/wp-json\/wp\/v2\/product"}],"about":[{"href":"https:\/\/www.scandesign.cz\/sk\/wp-json\/wp\/v2\/types\/product"}],"wp:featuredmedia":[{"embeddable":true,"href":"https:\/\/www.scandesign.cz\/sk\/wp-json\/wp\/v2\/media\/6688"}],"wp:attachment":[{"href":"https:\/\/www.scandesign.cz\/sk\/wp-json\/wp\/v2\/media?parent=8065"}],"wp:term":[{"taxonomy":"product_brand","embeddable":true,"href":"https:\/\/www.scandesign.cz\/sk\/wp-json\/wp\/v2\/product_brand?post=8065"},{"taxonomy":"product_cat","embeddable":true,"href":"https:\/\/www.scandesign.cz\/sk\/wp-json\/wp\/v2\/product_cat?post=8065"},{"taxonomy":"product_tag","embeddable":true,"href":"https:\/\/www.scandesign.cz\/sk\/wp-json\/wp\/v2\/product_tag?post=8065"}],"curies":[{"name":"wp","href":"https:\/\/api.w.org\/{rel}","templated":true}]}}