{"id":9540,"date":"2021-12-07T20:59:57","date_gmt":"2021-12-07T19:59:57","guid":{"rendered":"https:\/\/scandesign.cz\/produkt\/kozeny-polstar-exotic-tricolor-4-40x40\/"},"modified":"2026-01-19T20:11:21","modified_gmt":"2026-01-19T19:11:21","slug":"kozeny-polstar-exotic-tricolor-4-40x40","status":"publish","type":"product","link":"https:\/\/www.scandesign.cz\/sk\/produkt\/kozeny-polstar-exotic-tricolor-4-40x40\/","title":{"rendered":"Ko\u017een\u00fd vank\u00fa\u0161 &#8211; \u010diernobiely 40&#215;40 &#8211; 4"},"content":{"rendered":"","protected":false},"excerpt":{"rendered":"<p>Dekora\u010dn\u00fd ko\u017een\u00fd vank\u00fa\u0161ik. Obojstrann\u00fd. Strany z jedn\u00e9ho kusu. M\u00e4kk\u00fd chlp cca 3 cm. V\u00fdpl\u0148 z polyesteru &#8211; dut\u00e9 vl\u00e1kno. Skladom tento konkr\u00e9tny kus.<\/p>\n","protected":false},"featured_media":15843,"template":"","meta":{"inline_featured_image":false},"product_brand":[],"product_cat":[98,143],"product_tag":[],"class_list":{"0":"post-9540","1":"product","2":"type-product","3":"status-publish","4":"has-post-thumbnail","6":"product_cat-hovadzia-koza","7":"product_cat-vankuse","8":"pa_velikost-polstare-40x40cm-sk","10":"first","11":"outofstock","12":"sale","13":"sold-individually","14":"taxable","15":"shipping-taxable","16":"purchasable","17":"product-type-simple"},"acf":[],"yoast_head":"<!-- This site is optimized with the Yoast SEO plugin v24.6 - https:\/\/yoast.com\/wordpress\/plugins\/seo\/ -->\n<title>Ko\u017een\u00fd vank\u00fa\u0161 - \u010diernobiely 40x40 - 4 &#8211; Scandesign<\/title>\n<meta name=\"robots\" content=\"index, follow, max-snippet:-1, max-image-preview:large, max-video-preview:-1\" \/>\n<link rel=\"canonical\" href=\"https:\/\/www.scandesign.cz\/sk\/produkt\/kozeny-polstar-exotic-tricolor-4-40x40\/\" \/>\n<meta property=\"og:locale\" content=\"sk_SK\" \/>\n<meta property=\"og:type\" content=\"article\" \/>\n<meta property=\"og:title\" content=\"Ko\u017een\u00fd vank\u00fa\u0161 - \u010diernobiely 40x40 - 4 &#8211; Scandesign\" \/>\n<meta property=\"og:description\" content=\"Dekora\u010dn\u00fd ko\u017een\u00fd vank\u00fa\u0161ik. Obojstrann\u00fd. Strany z jedn\u00e9ho kusu. M\u00e4kk\u00fd chlp cca 3 cm. V\u00fdpl\u0148 z polyesteru - dut\u00e9 vl\u00e1kno. Skladom tento konkr\u00e9tny kus.\" \/>\n<meta property=\"og:url\" content=\"https:\/\/www.scandesign.cz\/sk\/produkt\/kozeny-polstar-exotic-tricolor-4-40x40\/\" \/>\n<meta property=\"og:site_name\" content=\"Scandesign\" \/>\n<meta property=\"article:modified_time\" content=\"2026-01-19T19:11:21+00:00\" \/>\n<meta property=\"og:image\" content=\"https:\/\/www.scandesign.cz\/wp-content\/uploads\/2021\/12\/IMG_8920-1024x768.png\" \/>\n\t<meta property=\"og:image:width\" content=\"1024\" \/>\n\t<meta property=\"og:image:height\" content=\"768\" \/>\n\t<meta property=\"og:image:type\" content=\"image\/png\" \/>\n<meta name=\"twitter:card\" content=\"summary_large_image\" \/>\n<meta name=\"twitter:label1\" content=\"Predpokladan\u00fd \u010das \u010d\u00edtania\" \/>\n\t<meta name=\"twitter:data1\" content=\"1 min\u00fata\" \/>\n<script type=\"application\/ld+json\" class=\"yoast-schema-graph\">{\"@context\":\"https:\/\/schema.org\",\"@graph\":[{\"@type\":\"WebPage\",\"@id\":\"https:\/\/www.scandesign.cz\/sk\/produkt\/kozeny-polstar-exotic-tricolor-4-40x40\/\",\"url\":\"https:\/\/www.scandesign.cz\/sk\/produkt\/kozeny-polstar-exotic-tricolor-4-40x40\/\",\"name\":\"Ko\u017een\u00fd vank\u00fa\u0161 - \u010diernobiely 40x40 - 4 &#8211; Scandesign\",\"isPartOf\":{\"@id\":\"https:\/\/www.scandesign.cz\/sk\/#website\"},\"primaryImageOfPage\":{\"@id\":\"https:\/\/www.scandesign.cz\/sk\/produkt\/kozeny-polstar-exotic-tricolor-4-40x40\/#primaryimage\"},\"image\":{\"@id\":\"https:\/\/www.scandesign.cz\/sk\/produkt\/kozeny-polstar-exotic-tricolor-4-40x40\/#primaryimage\"},\"thumbnailUrl\":\"https:\/\/www.scandesign.cz\/wp-content\/uploads\/2021\/12\/IMG_8920-scaled.png\",\"datePublished\":\"2021-12-07T19:59:57+00:00\",\"dateModified\":\"2026-01-19T19:11:21+00:00\",\"breadcrumb\":{\"@id\":\"https:\/\/www.scandesign.cz\/sk\/produkt\/kozeny-polstar-exotic-tricolor-4-40x40\/#breadcrumb\"},\"inLanguage\":\"sk-SK\",\"potentialAction\":[{\"@type\":\"ReadAction\",\"target\":[\"https:\/\/www.scandesign.cz\/sk\/produkt\/kozeny-polstar-exotic-tricolor-4-40x40\/\"]}]},{\"@type\":\"ImageObject\",\"inLanguage\":\"sk-SK\",\"@id\":\"https:\/\/www.scandesign.cz\/sk\/produkt\/kozeny-polstar-exotic-tricolor-4-40x40\/#primaryimage\",\"url\":\"https:\/\/www.scandesign.cz\/wp-content\/uploads\/2021\/12\/IMG_8920-scaled.png\",\"contentUrl\":\"https:\/\/www.scandesign.cz\/wp-content\/uploads\/2021\/12\/IMG_8920-scaled.png\",\"width\":2560,\"height\":1920},{\"@type\":\"BreadcrumbList\",\"@id\":\"https:\/\/www.scandesign.cz\/sk\/produkt\/kozeny-polstar-exotic-tricolor-4-40x40\/#breadcrumb\",\"itemListElement\":[{\"@type\":\"ListItem\",\"position\":1,\"name\":\"Dom\u016f\",\"item\":\"https:\/\/www.scandesign.cz\/sk\/\"},{\"@type\":\"ListItem\",\"position\":2,\"name\":\"Obchod\",\"item\":\"https:\/\/www.scandesign.cz\/sk\/obchod\/\"},{\"@type\":\"ListItem\",\"position\":3,\"name\":\"Ko\u017een\u00fd vank\u00fa\u0161 &#8211; \u010diernobiely 40&#215;40 &#8211; 4\"}]},{\"@type\":\"WebSite\",\"@id\":\"https:\/\/www.scandesign.cz\/sk\/#website\",\"url\":\"https:\/\/www.scandesign.cz\/sk\/\",\"name\":\"Scandesign\",\"description\":\"\",\"potentialAction\":[{\"@type\":\"SearchAction\",\"target\":{\"@type\":\"EntryPoint\",\"urlTemplate\":\"https:\/\/www.scandesign.cz\/sk\/?s={search_term_string}\"},\"query-input\":{\"@type\":\"PropertyValueSpecification\",\"valueRequired\":true,\"valueName\":\"search_term_string\"}}],\"inLanguage\":\"sk-SK\"}]}<\/script>\n<!-- \/ Yoast SEO plugin. -->","yoast_head_json":{"title":"Ko\u017een\u00fd vank\u00fa\u0161 - \u010diernobiely 40x40 - 4 &#8211; Scandesign","robots":{"index":"index","follow":"follow","max-snippet":"max-snippet:-1","max-image-preview":"max-image-preview:large","max-video-preview":"max-video-preview:-1"},"canonical":"https:\/\/www.scandesign.cz\/sk\/produkt\/kozeny-polstar-exotic-tricolor-4-40x40\/","og_locale":"sk_SK","og_type":"article","og_title":"Ko\u017een\u00fd vank\u00fa\u0161 - \u010diernobiely 40x40 - 4 &#8211; Scandesign","og_description":"Dekora\u010dn\u00fd ko\u017een\u00fd vank\u00fa\u0161ik. Obojstrann\u00fd. Strany z jedn\u00e9ho kusu. M\u00e4kk\u00fd chlp cca 3 cm. V\u00fdpl\u0148 z polyesteru - dut\u00e9 vl\u00e1kno. Skladom tento konkr\u00e9tny kus.","og_url":"https:\/\/www.scandesign.cz\/sk\/produkt\/kozeny-polstar-exotic-tricolor-4-40x40\/","og_site_name":"Scandesign","article_modified_time":"2026-01-19T19:11:21+00:00","og_image":[{"width":1024,"height":768,"url":"https:\/\/www.scandesign.cz\/wp-content\/uploads\/2021\/12\/IMG_8920-1024x768.png","type":"image\/png"}],"twitter_card":"summary_large_image","twitter_misc":{"Predpokladan\u00fd \u010das \u010d\u00edtania":"1 min\u00fata"},"schema":{"@context":"https:\/\/schema.org","@graph":[{"@type":"WebPage","@id":"https:\/\/www.scandesign.cz\/sk\/produkt\/kozeny-polstar-exotic-tricolor-4-40x40\/","url":"https:\/\/www.scandesign.cz\/sk\/produkt\/kozeny-polstar-exotic-tricolor-4-40x40\/","name":"Ko\u017een\u00fd vank\u00fa\u0161 - \u010diernobiely 40x40 - 4 &#8211; Scandesign","isPartOf":{"@id":"https:\/\/www.scandesign.cz\/sk\/#website"},"primaryImageOfPage":{"@id":"https:\/\/www.scandesign.cz\/sk\/produkt\/kozeny-polstar-exotic-tricolor-4-40x40\/#primaryimage"},"image":{"@id":"https:\/\/www.scandesign.cz\/sk\/produkt\/kozeny-polstar-exotic-tricolor-4-40x40\/#primaryimage"},"thumbnailUrl":"https:\/\/www.scandesign.cz\/wp-content\/uploads\/2021\/12\/IMG_8920-scaled.png","datePublished":"2021-12-07T19:59:57+00:00","dateModified":"2026-01-19T19:11:21+00:00","breadcrumb":{"@id":"https:\/\/www.scandesign.cz\/sk\/produkt\/kozeny-polstar-exotic-tricolor-4-40x40\/#breadcrumb"},"inLanguage":"sk-SK","potentialAction":[{"@type":"ReadAction","target":["https:\/\/www.scandesign.cz\/sk\/produkt\/kozeny-polstar-exotic-tricolor-4-40x40\/"]}]},{"@type":"ImageObject","inLanguage":"sk-SK","@id":"https:\/\/www.scandesign.cz\/sk\/produkt\/kozeny-polstar-exotic-tricolor-4-40x40\/#primaryimage","url":"https:\/\/www.scandesign.cz\/wp-content\/uploads\/2021\/12\/IMG_8920-scaled.png","contentUrl":"https:\/\/www.scandesign.cz\/wp-content\/uploads\/2021\/12\/IMG_8920-scaled.png","width":2560,"height":1920},{"@type":"BreadcrumbList","@id":"https:\/\/www.scandesign.cz\/sk\/produkt\/kozeny-polstar-exotic-tricolor-4-40x40\/#breadcrumb","itemListElement":[{"@type":"ListItem","position":1,"name":"Dom\u016f","item":"https:\/\/www.scandesign.cz\/sk\/"},{"@type":"ListItem","position":2,"name":"Obchod","item":"https:\/\/www.scandesign.cz\/sk\/obchod\/"},{"@type":"ListItem","position":3,"name":"Ko\u017een\u00fd vank\u00fa\u0161 &#8211; \u010diernobiely 40&#215;40 &#8211; 4"}]},{"@type":"WebSite","@id":"https:\/\/www.scandesign.cz\/sk\/#website","url":"https:\/\/www.scandesign.cz\/sk\/","name":"Scandesign","description":"","potentialAction":[{"@type":"SearchAction","target":{"@type":"EntryPoint","urlTemplate":"https:\/\/www.scandesign.cz\/sk\/?s={search_term_string}"},"query-input":{"@type":"PropertyValueSpecification","valueRequired":true,"valueName":"search_term_string"}}],"inLanguage":"sk-SK"}]}},"_links":{"self":[{"href":"https:\/\/www.scandesign.cz\/sk\/wp-json\/wp\/v2\/product\/9540","targetHints":{"allow":["GET"]}}],"collection":[{"href":"https:\/\/www.scandesign.cz\/sk\/wp-json\/wp\/v2\/product"}],"about":[{"href":"https:\/\/www.scandesign.cz\/sk\/wp-json\/wp\/v2\/types\/product"}],"wp:featuredmedia":[{"embeddable":true,"href":"https:\/\/www.scandesign.cz\/sk\/wp-json\/wp\/v2\/media\/15843"}],"wp:attachment":[{"href":"https:\/\/www.scandesign.cz\/sk\/wp-json\/wp\/v2\/media?parent=9540"}],"wp:term":[{"taxonomy":"product_brand","embeddable":true,"href":"https:\/\/www.scandesign.cz\/sk\/wp-json\/wp\/v2\/product_brand?post=9540"},{"taxonomy":"product_cat","embeddable":true,"href":"https:\/\/www.scandesign.cz\/sk\/wp-json\/wp\/v2\/product_cat?post=9540"},{"taxonomy":"product_tag","embeddable":true,"href":"https:\/\/www.scandesign.cz\/sk\/wp-json\/wp\/v2\/product_tag?post=9540"}],"curies":[{"name":"wp","href":"https:\/\/api.w.org\/{rel}","templated":true}]}}