{"id":9598,"date":"2021-09-21T16:41:25","date_gmt":"2021-09-21T14:41:25","guid":{"rendered":"https:\/\/scandesign.cz\/produkt\/kozeny-taburet-ovci-kuze-taupe-barvena-kuze-kostka-45\/"},"modified":"2025-02-08T18:11:46","modified_gmt":"2025-02-08T17:11:46","slug":"kozeny-taburet-ovci-kuze-taupe-barvena-kuze-kostka-45","status":"publish","type":"product","link":"https:\/\/www.scandesign.cz\/sk\/produkt\/kozeny-taburet-ovci-kuze-taupe-barvena-kuze-kostka-45\/","title":{"rendered":"Ko\u017een\u00fd taburet, ov\u010dia ko\u017ea, \u013ean, farben\u00e1 ko\u017ea, kocka 45"},"content":{"rendered":"","protected":false},"excerpt":{"rendered":"<p>Luxusn\u00fd taburet potiahnut\u00fd ov\u010dou ko\u017eou s chlpom strihan\u00fdm na 5 cm. Chlp je jemn\u00fd a ve\u013emi pr\u00edjemn\u00fd na dotyk. Farben\u00e1 islandsk\u00e1 ko\u017ea. Svetleb\u00e9\u017eov\u00fd &#8211; \u013ean. Taburet m\u00e1 dreven\u00fd korpus. Tvrden\u00fd molitan v podsed\u00e1ku zaru\u010d\u00ed pr\u00edjemn\u00e9 posedenie. Tvor\u00ed \u00fa\u017easn\u00fd bytov\u00fd doplnok nielen do ob\u00fdva\u010dky.<\/p>\n","protected":false},"featured_media":5813,"template":"","meta":{"inline_featured_image":false},"product_brand":[],"product_cat":[148,153],"product_tag":[],"class_list":{"0":"post-9598","1":"product","2":"type-product","3":"status-publish","4":"has-post-thumbnail","6":"product_cat-ovcie-kozusiny","7":"product_cat-taburety-sk-2","9":"first","10":"instock","11":"sale","12":"taxable","13":"shipping-taxable","14":"purchasable","15":"product-type-simple"},"acf":[],"yoast_head":"<!-- This site is optimized with the Yoast SEO plugin v24.6 - https:\/\/yoast.com\/wordpress\/plugins\/seo\/ -->\n<title>Ko\u017een\u00fd taburet, ov\u010dia ko\u017ea, \u013ean, farben\u00e1 ko\u017ea, kocka 45 &#8211; Scandesign<\/title>\n<meta name=\"robots\" content=\"index, follow, max-snippet:-1, max-image-preview:large, max-video-preview:-1\" \/>\n<link rel=\"canonical\" href=\"https:\/\/www.scandesign.cz\/sk\/produkt\/kozeny-taburet-ovci-kuze-taupe-barvena-kuze-kostka-45\/\" \/>\n<meta property=\"og:locale\" content=\"sk_SK\" \/>\n<meta property=\"og:type\" content=\"article\" \/>\n<meta property=\"og:title\" content=\"Ko\u017een\u00fd taburet, ov\u010dia ko\u017ea, \u013ean, farben\u00e1 ko\u017ea, kocka 45 &#8211; Scandesign\" \/>\n<meta property=\"og:description\" content=\"Luxusn\u00fd taburet potiahnut\u00fd ov\u010dou ko\u017eou s chlpom strihan\u00fdm na 5 cm. Chlp je jemn\u00fd a ve\u013emi pr\u00edjemn\u00fd na dotyk. Farben\u00e1 islandsk\u00e1 ko\u017ea. Svetleb\u00e9\u017eov\u00fd - \u013ean. Taburet m\u00e1 dreven\u00fd korpus. Tvrden\u00fd molitan v podsed\u00e1ku zaru\u010d\u00ed pr\u00edjemn\u00e9 posedenie. Tvor\u00ed \u00fa\u017easn\u00fd bytov\u00fd doplnok nielen do ob\u00fdva\u010dky.\" \/>\n<meta property=\"og:url\" content=\"https:\/\/www.scandesign.cz\/sk\/produkt\/kozeny-taburet-ovci-kuze-taupe-barvena-kuze-kostka-45\/\" \/>\n<meta property=\"og:site_name\" content=\"Scandesign\" \/>\n<meta property=\"article:modified_time\" content=\"2025-02-08T17:11:46+00:00\" \/>\n<meta property=\"og:image\" content=\"https:\/\/www.scandesign.cz\/wp-content\/uploads\/2024\/12\/IMG_2262.jpg\" \/>\n\t<meta property=\"og:image:width\" content=\"1200\" \/>\n\t<meta property=\"og:image:height\" content=\"900\" \/>\n\t<meta property=\"og:image:type\" content=\"image\/jpeg\" \/>\n<meta name=\"twitter:card\" content=\"summary_large_image\" \/>\n<script type=\"application\/ld+json\" class=\"yoast-schema-graph\">{\"@context\":\"https:\/\/schema.org\",\"@graph\":[{\"@type\":\"WebPage\",\"@id\":\"https:\/\/www.scandesign.cz\/sk\/produkt\/kozeny-taburet-ovci-kuze-taupe-barvena-kuze-kostka-45\/\",\"url\":\"https:\/\/www.scandesign.cz\/sk\/produkt\/kozeny-taburet-ovci-kuze-taupe-barvena-kuze-kostka-45\/\",\"name\":\"Ko\u017een\u00fd taburet, ov\u010dia ko\u017ea, \u013ean, farben\u00e1 ko\u017ea, kocka 45 &#8211; Scandesign\",\"isPartOf\":{\"@id\":\"https:\/\/www.scandesign.cz\/sk\/#website\"},\"primaryImageOfPage\":{\"@id\":\"https:\/\/www.scandesign.cz\/sk\/produkt\/kozeny-taburet-ovci-kuze-taupe-barvena-kuze-kostka-45\/#primaryimage\"},\"image\":{\"@id\":\"https:\/\/www.scandesign.cz\/sk\/produkt\/kozeny-taburet-ovci-kuze-taupe-barvena-kuze-kostka-45\/#primaryimage\"},\"thumbnailUrl\":\"https:\/\/www.scandesign.cz\/wp-content\/uploads\/2024\/12\/IMG_2262.jpg\",\"datePublished\":\"2021-09-21T14:41:25+00:00\",\"dateModified\":\"2025-02-08T17:11:46+00:00\",\"breadcrumb\":{\"@id\":\"https:\/\/www.scandesign.cz\/sk\/produkt\/kozeny-taburet-ovci-kuze-taupe-barvena-kuze-kostka-45\/#breadcrumb\"},\"inLanguage\":\"sk-SK\",\"potentialAction\":[{\"@type\":\"ReadAction\",\"target\":[\"https:\/\/www.scandesign.cz\/sk\/produkt\/kozeny-taburet-ovci-kuze-taupe-barvena-kuze-kostka-45\/\"]}]},{\"@type\":\"ImageObject\",\"inLanguage\":\"sk-SK\",\"@id\":\"https:\/\/www.scandesign.cz\/sk\/produkt\/kozeny-taburet-ovci-kuze-taupe-barvena-kuze-kostka-45\/#primaryimage\",\"url\":\"https:\/\/www.scandesign.cz\/wp-content\/uploads\/2024\/12\/IMG_2262.jpg\",\"contentUrl\":\"https:\/\/www.scandesign.cz\/wp-content\/uploads\/2024\/12\/IMG_2262.jpg\",\"width\":1200,\"height\":900},{\"@type\":\"BreadcrumbList\",\"@id\":\"https:\/\/www.scandesign.cz\/sk\/produkt\/kozeny-taburet-ovci-kuze-taupe-barvena-kuze-kostka-45\/#breadcrumb\",\"itemListElement\":[{\"@type\":\"ListItem\",\"position\":1,\"name\":\"Dom\u016f\",\"item\":\"https:\/\/www.scandesign.cz\/sk\/\"},{\"@type\":\"ListItem\",\"position\":2,\"name\":\"Obchod\",\"item\":\"https:\/\/www.scandesign.cz\/sk\/obchod\/\"},{\"@type\":\"ListItem\",\"position\":3,\"name\":\"Ko\u017een\u00fd taburet, ov\u010dia ko\u017ea, \u013ean, farben\u00e1 ko\u017ea, kocka 45\"}]},{\"@type\":\"WebSite\",\"@id\":\"https:\/\/www.scandesign.cz\/sk\/#website\",\"url\":\"https:\/\/www.scandesign.cz\/sk\/\",\"name\":\"Scandesign\",\"description\":\"\",\"potentialAction\":[{\"@type\":\"SearchAction\",\"target\":{\"@type\":\"EntryPoint\",\"urlTemplate\":\"https:\/\/www.scandesign.cz\/sk\/?s={search_term_string}\"},\"query-input\":{\"@type\":\"PropertyValueSpecification\",\"valueRequired\":true,\"valueName\":\"search_term_string\"}}],\"inLanguage\":\"sk-SK\"}]}<\/script>\n<!-- \/ Yoast SEO plugin. -->","yoast_head_json":{"title":"Ko\u017een\u00fd taburet, ov\u010dia ko\u017ea, \u013ean, farben\u00e1 ko\u017ea, kocka 45 &#8211; Scandesign","robots":{"index":"index","follow":"follow","max-snippet":"max-snippet:-1","max-image-preview":"max-image-preview:large","max-video-preview":"max-video-preview:-1"},"canonical":"https:\/\/www.scandesign.cz\/sk\/produkt\/kozeny-taburet-ovci-kuze-taupe-barvena-kuze-kostka-45\/","og_locale":"sk_SK","og_type":"article","og_title":"Ko\u017een\u00fd taburet, ov\u010dia ko\u017ea, \u013ean, farben\u00e1 ko\u017ea, kocka 45 &#8211; Scandesign","og_description":"Luxusn\u00fd taburet potiahnut\u00fd ov\u010dou ko\u017eou s chlpom strihan\u00fdm na 5 cm. Chlp je jemn\u00fd a ve\u013emi pr\u00edjemn\u00fd na dotyk. Farben\u00e1 islandsk\u00e1 ko\u017ea. Svetleb\u00e9\u017eov\u00fd - \u013ean. Taburet m\u00e1 dreven\u00fd korpus. Tvrden\u00fd molitan v podsed\u00e1ku zaru\u010d\u00ed pr\u00edjemn\u00e9 posedenie. Tvor\u00ed \u00fa\u017easn\u00fd bytov\u00fd doplnok nielen do ob\u00fdva\u010dky.","og_url":"https:\/\/www.scandesign.cz\/sk\/produkt\/kozeny-taburet-ovci-kuze-taupe-barvena-kuze-kostka-45\/","og_site_name":"Scandesign","article_modified_time":"2025-02-08T17:11:46+00:00","og_image":[{"width":1200,"height":900,"url":"https:\/\/www.scandesign.cz\/wp-content\/uploads\/2024\/12\/IMG_2262.jpg","type":"image\/jpeg"}],"twitter_card":"summary_large_image","schema":{"@context":"https:\/\/schema.org","@graph":[{"@type":"WebPage","@id":"https:\/\/www.scandesign.cz\/sk\/produkt\/kozeny-taburet-ovci-kuze-taupe-barvena-kuze-kostka-45\/","url":"https:\/\/www.scandesign.cz\/sk\/produkt\/kozeny-taburet-ovci-kuze-taupe-barvena-kuze-kostka-45\/","name":"Ko\u017een\u00fd taburet, ov\u010dia ko\u017ea, \u013ean, farben\u00e1 ko\u017ea, kocka 45 &#8211; Scandesign","isPartOf":{"@id":"https:\/\/www.scandesign.cz\/sk\/#website"},"primaryImageOfPage":{"@id":"https:\/\/www.scandesign.cz\/sk\/produkt\/kozeny-taburet-ovci-kuze-taupe-barvena-kuze-kostka-45\/#primaryimage"},"image":{"@id":"https:\/\/www.scandesign.cz\/sk\/produkt\/kozeny-taburet-ovci-kuze-taupe-barvena-kuze-kostka-45\/#primaryimage"},"thumbnailUrl":"https:\/\/www.scandesign.cz\/wp-content\/uploads\/2024\/12\/IMG_2262.jpg","datePublished":"2021-09-21T14:41:25+00:00","dateModified":"2025-02-08T17:11:46+00:00","breadcrumb":{"@id":"https:\/\/www.scandesign.cz\/sk\/produkt\/kozeny-taburet-ovci-kuze-taupe-barvena-kuze-kostka-45\/#breadcrumb"},"inLanguage":"sk-SK","potentialAction":[{"@type":"ReadAction","target":["https:\/\/www.scandesign.cz\/sk\/produkt\/kozeny-taburet-ovci-kuze-taupe-barvena-kuze-kostka-45\/"]}]},{"@type":"ImageObject","inLanguage":"sk-SK","@id":"https:\/\/www.scandesign.cz\/sk\/produkt\/kozeny-taburet-ovci-kuze-taupe-barvena-kuze-kostka-45\/#primaryimage","url":"https:\/\/www.scandesign.cz\/wp-content\/uploads\/2024\/12\/IMG_2262.jpg","contentUrl":"https:\/\/www.scandesign.cz\/wp-content\/uploads\/2024\/12\/IMG_2262.jpg","width":1200,"height":900},{"@type":"BreadcrumbList","@id":"https:\/\/www.scandesign.cz\/sk\/produkt\/kozeny-taburet-ovci-kuze-taupe-barvena-kuze-kostka-45\/#breadcrumb","itemListElement":[{"@type":"ListItem","position":1,"name":"Dom\u016f","item":"https:\/\/www.scandesign.cz\/sk\/"},{"@type":"ListItem","position":2,"name":"Obchod","item":"https:\/\/www.scandesign.cz\/sk\/obchod\/"},{"@type":"ListItem","position":3,"name":"Ko\u017een\u00fd taburet, ov\u010dia ko\u017ea, \u013ean, farben\u00e1 ko\u017ea, kocka 45"}]},{"@type":"WebSite","@id":"https:\/\/www.scandesign.cz\/sk\/#website","url":"https:\/\/www.scandesign.cz\/sk\/","name":"Scandesign","description":"","potentialAction":[{"@type":"SearchAction","target":{"@type":"EntryPoint","urlTemplate":"https:\/\/www.scandesign.cz\/sk\/?s={search_term_string}"},"query-input":{"@type":"PropertyValueSpecification","valueRequired":true,"valueName":"search_term_string"}}],"inLanguage":"sk-SK"}]}},"_links":{"self":[{"href":"https:\/\/www.scandesign.cz\/sk\/wp-json\/wp\/v2\/product\/9598","targetHints":{"allow":["GET"]}}],"collection":[{"href":"https:\/\/www.scandesign.cz\/sk\/wp-json\/wp\/v2\/product"}],"about":[{"href":"https:\/\/www.scandesign.cz\/sk\/wp-json\/wp\/v2\/types\/product"}],"wp:featuredmedia":[{"embeddable":true,"href":"https:\/\/www.scandesign.cz\/sk\/wp-json\/wp\/v2\/media\/5813"}],"wp:attachment":[{"href":"https:\/\/www.scandesign.cz\/sk\/wp-json\/wp\/v2\/media?parent=9598"}],"wp:term":[{"taxonomy":"product_brand","embeddable":true,"href":"https:\/\/www.scandesign.cz\/sk\/wp-json\/wp\/v2\/product_brand?post=9598"},{"taxonomy":"product_cat","embeddable":true,"href":"https:\/\/www.scandesign.cz\/sk\/wp-json\/wp\/v2\/product_cat?post=9598"},{"taxonomy":"product_tag","embeddable":true,"href":"https:\/\/www.scandesign.cz\/sk\/wp-json\/wp\/v2\/product_tag?post=9598"}],"curies":[{"name":"wp","href":"https:\/\/api.w.org\/{rel}","templated":true}]}}