{"id":9612,"date":"2021-07-16T21:09:17","date_gmt":"2021-07-16T19:09:17","guid":{"rendered":"https:\/\/scandesign.cz\/produkt\/koberec-kusovy-hovezi-kuze-33-m2-cernobila-201\/"},"modified":"2025-02-08T19:02:36","modified_gmt":"2025-02-08T18:02:36","slug":"koberec-kusovy-hovezi-kuze-33-m2-cernobila-201","status":"publish","type":"product","link":"https:\/\/www.scandesign.cz\/sk\/produkt\/koberec-kusovy-hovezi-kuze-33-m2-cernobila-201\/","title":{"rendered":"Koberec kusov\u00fd hov\u00e4dzia ko\u017ea 3,3 m2, \u010diernobiela 201"},"content":{"rendered":"","protected":false},"excerpt":{"rendered":"<p>Kr\u00e1sne vyfarben\u00e1 \u010diernobiela ko\u017ea s m\u00e4kk\u00fdm, hust\u00fdm a na dotyk pr\u00edjemn\u00fdm chlpom s d\u013a\u017ekou cca 1 cm. M\u00e4kk\u00e9 \u010dinenie.<\/p>\n<p>Foto konkr\u00e9tneho kusu.<\/p>\n","protected":false},"featured_media":5765,"template":"","meta":{"inline_featured_image":false},"product_brand":[],"product_cat":[98,140],"product_tag":[],"class_list":{"0":"post-9612","1":"product","2":"type-product","3":"status-publish","4":"has-post-thumbnail","6":"product_cat-hovadzia-koza","7":"product_cat-dekoracne-koze","8":"pa_velikost-kuze-30-39-m2-sk","10":"first","11":"instock","12":"sale","13":"sold-individually","14":"taxable","15":"shipping-taxable","16":"purchasable","17":"product-type-simple"},"acf":[],"yoast_head":"<!-- This site is optimized with the Yoast SEO plugin v24.6 - https:\/\/yoast.com\/wordpress\/plugins\/seo\/ -->\n<title>Koberec kusov\u00fd hov\u00e4dzia ko\u017ea 3,3 m2, \u010diernobiela 201 &#8211; Scandesign<\/title>\n<meta name=\"robots\" content=\"index, follow, max-snippet:-1, max-image-preview:large, max-video-preview:-1\" \/>\n<link rel=\"canonical\" href=\"https:\/\/www.scandesign.cz\/sk\/produkt\/koberec-kusovy-hovezi-kuze-33-m2-cernobila-201\/\" \/>\n<meta property=\"og:locale\" content=\"sk_SK\" \/>\n<meta property=\"og:type\" content=\"article\" \/>\n<meta property=\"og:title\" content=\"Koberec kusov\u00fd hov\u00e4dzia ko\u017ea 3,3 m2, \u010diernobiela 201 &#8211; Scandesign\" \/>\n<meta property=\"og:description\" content=\"Kr\u00e1sne vyfarben\u00e1 \u010diernobiela ko\u017ea s m\u00e4kk\u00fdm, hust\u00fdm a na dotyk pr\u00edjemn\u00fdm chlpom s d\u013a\u017ekou cca 1 cm. M\u00e4kk\u00e9 \u010dinenie.  Foto konkr\u00e9tneho kusu.\" \/>\n<meta property=\"og:url\" content=\"https:\/\/www.scandesign.cz\/sk\/produkt\/koberec-kusovy-hovezi-kuze-33-m2-cernobila-201\/\" \/>\n<meta property=\"og:site_name\" content=\"Scandesign\" \/>\n<meta property=\"article:modified_time\" content=\"2025-02-08T18:02:36+00:00\" \/>\n<meta property=\"og:image\" content=\"https:\/\/www.scandesign.cz\/wp-content\/uploads\/2024\/12\/IMG_1712.jpg\" \/>\n\t<meta property=\"og:image:width\" content=\"1200\" \/>\n\t<meta property=\"og:image:height\" content=\"900\" \/>\n\t<meta property=\"og:image:type\" content=\"image\/jpeg\" \/>\n<meta name=\"twitter:card\" content=\"summary_large_image\" \/>\n<script type=\"application\/ld+json\" class=\"yoast-schema-graph\">{\"@context\":\"https:\/\/schema.org\",\"@graph\":[{\"@type\":\"WebPage\",\"@id\":\"https:\/\/www.scandesign.cz\/sk\/produkt\/koberec-kusovy-hovezi-kuze-33-m2-cernobila-201\/\",\"url\":\"https:\/\/www.scandesign.cz\/sk\/produkt\/koberec-kusovy-hovezi-kuze-33-m2-cernobila-201\/\",\"name\":\"Koberec kusov\u00fd hov\u00e4dzia ko\u017ea 3,3 m2, \u010diernobiela 201 &#8211; Scandesign\",\"isPartOf\":{\"@id\":\"https:\/\/www.scandesign.cz\/sk\/#website\"},\"primaryImageOfPage\":{\"@id\":\"https:\/\/www.scandesign.cz\/sk\/produkt\/koberec-kusovy-hovezi-kuze-33-m2-cernobila-201\/#primaryimage\"},\"image\":{\"@id\":\"https:\/\/www.scandesign.cz\/sk\/produkt\/koberec-kusovy-hovezi-kuze-33-m2-cernobila-201\/#primaryimage\"},\"thumbnailUrl\":\"https:\/\/www.scandesign.cz\/wp-content\/uploads\/2024\/12\/IMG_1712.jpg\",\"datePublished\":\"2021-07-16T19:09:17+00:00\",\"dateModified\":\"2025-02-08T18:02:36+00:00\",\"breadcrumb\":{\"@id\":\"https:\/\/www.scandesign.cz\/sk\/produkt\/koberec-kusovy-hovezi-kuze-33-m2-cernobila-201\/#breadcrumb\"},\"inLanguage\":\"sk-SK\",\"potentialAction\":[{\"@type\":\"ReadAction\",\"target\":[\"https:\/\/www.scandesign.cz\/sk\/produkt\/koberec-kusovy-hovezi-kuze-33-m2-cernobila-201\/\"]}]},{\"@type\":\"ImageObject\",\"inLanguage\":\"sk-SK\",\"@id\":\"https:\/\/www.scandesign.cz\/sk\/produkt\/koberec-kusovy-hovezi-kuze-33-m2-cernobila-201\/#primaryimage\",\"url\":\"https:\/\/www.scandesign.cz\/wp-content\/uploads\/2024\/12\/IMG_1712.jpg\",\"contentUrl\":\"https:\/\/www.scandesign.cz\/wp-content\/uploads\/2024\/12\/IMG_1712.jpg\",\"width\":1200,\"height\":900},{\"@type\":\"BreadcrumbList\",\"@id\":\"https:\/\/www.scandesign.cz\/sk\/produkt\/koberec-kusovy-hovezi-kuze-33-m2-cernobila-201\/#breadcrumb\",\"itemListElement\":[{\"@type\":\"ListItem\",\"position\":1,\"name\":\"Dom\u016f\",\"item\":\"https:\/\/www.scandesign.cz\/sk\/\"},{\"@type\":\"ListItem\",\"position\":2,\"name\":\"Obchod\",\"item\":\"https:\/\/www.scandesign.cz\/sk\/obchod\/\"},{\"@type\":\"ListItem\",\"position\":3,\"name\":\"Koberec kusov\u00fd hov\u00e4dzia ko\u017ea 3,3 m2, \u010diernobiela 201\"}]},{\"@type\":\"WebSite\",\"@id\":\"https:\/\/www.scandesign.cz\/sk\/#website\",\"url\":\"https:\/\/www.scandesign.cz\/sk\/\",\"name\":\"Scandesign\",\"description\":\"\",\"potentialAction\":[{\"@type\":\"SearchAction\",\"target\":{\"@type\":\"EntryPoint\",\"urlTemplate\":\"https:\/\/www.scandesign.cz\/sk\/?s={search_term_string}\"},\"query-input\":{\"@type\":\"PropertyValueSpecification\",\"valueRequired\":true,\"valueName\":\"search_term_string\"}}],\"inLanguage\":\"sk-SK\"}]}<\/script>\n<!-- \/ Yoast SEO plugin. -->","yoast_head_json":{"title":"Koberec kusov\u00fd hov\u00e4dzia ko\u017ea 3,3 m2, \u010diernobiela 201 &#8211; Scandesign","robots":{"index":"index","follow":"follow","max-snippet":"max-snippet:-1","max-image-preview":"max-image-preview:large","max-video-preview":"max-video-preview:-1"},"canonical":"https:\/\/www.scandesign.cz\/sk\/produkt\/koberec-kusovy-hovezi-kuze-33-m2-cernobila-201\/","og_locale":"sk_SK","og_type":"article","og_title":"Koberec kusov\u00fd hov\u00e4dzia ko\u017ea 3,3 m2, \u010diernobiela 201 &#8211; Scandesign","og_description":"Kr\u00e1sne vyfarben\u00e1 \u010diernobiela ko\u017ea s m\u00e4kk\u00fdm, hust\u00fdm a na dotyk pr\u00edjemn\u00fdm chlpom s d\u013a\u017ekou cca 1 cm. M\u00e4kk\u00e9 \u010dinenie.  Foto konkr\u00e9tneho kusu.","og_url":"https:\/\/www.scandesign.cz\/sk\/produkt\/koberec-kusovy-hovezi-kuze-33-m2-cernobila-201\/","og_site_name":"Scandesign","article_modified_time":"2025-02-08T18:02:36+00:00","og_image":[{"width":1200,"height":900,"url":"https:\/\/www.scandesign.cz\/wp-content\/uploads\/2024\/12\/IMG_1712.jpg","type":"image\/jpeg"}],"twitter_card":"summary_large_image","schema":{"@context":"https:\/\/schema.org","@graph":[{"@type":"WebPage","@id":"https:\/\/www.scandesign.cz\/sk\/produkt\/koberec-kusovy-hovezi-kuze-33-m2-cernobila-201\/","url":"https:\/\/www.scandesign.cz\/sk\/produkt\/koberec-kusovy-hovezi-kuze-33-m2-cernobila-201\/","name":"Koberec kusov\u00fd hov\u00e4dzia ko\u017ea 3,3 m2, \u010diernobiela 201 &#8211; Scandesign","isPartOf":{"@id":"https:\/\/www.scandesign.cz\/sk\/#website"},"primaryImageOfPage":{"@id":"https:\/\/www.scandesign.cz\/sk\/produkt\/koberec-kusovy-hovezi-kuze-33-m2-cernobila-201\/#primaryimage"},"image":{"@id":"https:\/\/www.scandesign.cz\/sk\/produkt\/koberec-kusovy-hovezi-kuze-33-m2-cernobila-201\/#primaryimage"},"thumbnailUrl":"https:\/\/www.scandesign.cz\/wp-content\/uploads\/2024\/12\/IMG_1712.jpg","datePublished":"2021-07-16T19:09:17+00:00","dateModified":"2025-02-08T18:02:36+00:00","breadcrumb":{"@id":"https:\/\/www.scandesign.cz\/sk\/produkt\/koberec-kusovy-hovezi-kuze-33-m2-cernobila-201\/#breadcrumb"},"inLanguage":"sk-SK","potentialAction":[{"@type":"ReadAction","target":["https:\/\/www.scandesign.cz\/sk\/produkt\/koberec-kusovy-hovezi-kuze-33-m2-cernobila-201\/"]}]},{"@type":"ImageObject","inLanguage":"sk-SK","@id":"https:\/\/www.scandesign.cz\/sk\/produkt\/koberec-kusovy-hovezi-kuze-33-m2-cernobila-201\/#primaryimage","url":"https:\/\/www.scandesign.cz\/wp-content\/uploads\/2024\/12\/IMG_1712.jpg","contentUrl":"https:\/\/www.scandesign.cz\/wp-content\/uploads\/2024\/12\/IMG_1712.jpg","width":1200,"height":900},{"@type":"BreadcrumbList","@id":"https:\/\/www.scandesign.cz\/sk\/produkt\/koberec-kusovy-hovezi-kuze-33-m2-cernobila-201\/#breadcrumb","itemListElement":[{"@type":"ListItem","position":1,"name":"Dom\u016f","item":"https:\/\/www.scandesign.cz\/sk\/"},{"@type":"ListItem","position":2,"name":"Obchod","item":"https:\/\/www.scandesign.cz\/sk\/obchod\/"},{"@type":"ListItem","position":3,"name":"Koberec kusov\u00fd hov\u00e4dzia ko\u017ea 3,3 m2, \u010diernobiela 201"}]},{"@type":"WebSite","@id":"https:\/\/www.scandesign.cz\/sk\/#website","url":"https:\/\/www.scandesign.cz\/sk\/","name":"Scandesign","description":"","potentialAction":[{"@type":"SearchAction","target":{"@type":"EntryPoint","urlTemplate":"https:\/\/www.scandesign.cz\/sk\/?s={search_term_string}"},"query-input":{"@type":"PropertyValueSpecification","valueRequired":true,"valueName":"search_term_string"}}],"inLanguage":"sk-SK"}]}},"_links":{"self":[{"href":"https:\/\/www.scandesign.cz\/sk\/wp-json\/wp\/v2\/product\/9612","targetHints":{"allow":["GET"]}}],"collection":[{"href":"https:\/\/www.scandesign.cz\/sk\/wp-json\/wp\/v2\/product"}],"about":[{"href":"https:\/\/www.scandesign.cz\/sk\/wp-json\/wp\/v2\/types\/product"}],"wp:featuredmedia":[{"embeddable":true,"href":"https:\/\/www.scandesign.cz\/sk\/wp-json\/wp\/v2\/media\/5765"}],"wp:attachment":[{"href":"https:\/\/www.scandesign.cz\/sk\/wp-json\/wp\/v2\/media?parent=9612"}],"wp:term":[{"taxonomy":"product_brand","embeddable":true,"href":"https:\/\/www.scandesign.cz\/sk\/wp-json\/wp\/v2\/product_brand?post=9612"},{"taxonomy":"product_cat","embeddable":true,"href":"https:\/\/www.scandesign.cz\/sk\/wp-json\/wp\/v2\/product_cat?post=9612"},{"taxonomy":"product_tag","embeddable":true,"href":"https:\/\/www.scandesign.cz\/sk\/wp-json\/wp\/v2\/product_tag?post=9612"}],"curies":[{"name":"wp","href":"https:\/\/api.w.org\/{rel}","templated":true}]}}