{"id":9867,"date":"2019-11-21T23:55:40","date_gmt":"2019-11-21T22:55:40","guid":{"rendered":"https:\/\/scandesign.cz\/produkt\/kozeny-koberec-z-ovci-kuze-dlouhy-chlup-hnedy-2k-2\/"},"modified":"2025-02-12T21:27:30","modified_gmt":"2025-02-12T20:27:30","slug":"kozeny-koberec-z-ovci-kuze-dlouhy-chlup-hnedy-2k-2","status":"publish","type":"product","link":"https:\/\/www.scandesign.cz\/sk\/produkt\/kozeny-koberec-z-ovci-kuze-dlouhy-chlup-hnedy-2k-2\/","title":{"rendered":"Ko\u017een\u00fd koberec z ov\u010dej ko\u017ee &#8211; dlh\u00fd chlp &#8211; hned\u00fd &#8211; 2K"},"content":{"rendered":"","protected":false},"excerpt":{"rendered":"<p>Ko\u017een\u00fd koberec z islandsk\u00fdch ko\u017e\u00ed s dlh\u00fdm chlpom. Koberec je zo\u0161it\u00fd z dvoch ko\u017e\u00ed. Ko\u017ea je pr\u00edrodn\u00e1, farben\u00e1. Nepravideln\u00fd tvar.<br \/>\nChlp je n\u00e1dherne hebk\u00fd a pr\u00edjemn\u00fd na dotyk. Vonia.<\/p>\n<p>Luxusn\u00fd kober\u010dek, ktor\u00fd dod\u00e1 v\u00e1\u0161mu interi\u00e9ru atmosf\u00e9ru pohodlia s n\u00e1dychom luxusu.<\/p>\n","protected":false},"featured_media":5109,"template":"","meta":{"inline_featured_image":false},"product_brand":[],"product_cat":[148,149],"product_tag":[],"class_list":{"0":"post-9867","1":"product","2":"type-product","3":"status-publish","4":"has-post-thumbnail","6":"product_cat-ovcie-kozusiny","7":"product_cat-koberce-sk-2","8":"pa_velikost-ovciho-koberce-2-koze","10":"first","11":"instock","12":"sale","13":"taxable","14":"shipping-taxable","15":"purchasable","16":"product-type-simple"},"acf":[],"yoast_head":"<!-- This site is optimized with the Yoast SEO plugin v24.6 - https:\/\/yoast.com\/wordpress\/plugins\/seo\/ -->\n<title>Ko\u017een\u00fd koberec z ov\u010dej ko\u017ee - dlh\u00fd chlp - hned\u00fd - 2K &#8211; Scandesign<\/title>\n<meta name=\"robots\" content=\"index, follow, max-snippet:-1, max-image-preview:large, max-video-preview:-1\" \/>\n<link rel=\"canonical\" href=\"https:\/\/www.scandesign.cz\/sk\/produkt\/kozeny-koberec-z-ovci-kuze-dlouhy-chlup-hnedy-2k-2\/\" \/>\n<meta property=\"og:locale\" content=\"sk_SK\" \/>\n<meta property=\"og:type\" content=\"article\" \/>\n<meta property=\"og:title\" content=\"Ko\u017een\u00fd koberec z ov\u010dej ko\u017ee - dlh\u00fd chlp - hned\u00fd - 2K &#8211; Scandesign\" \/>\n<meta property=\"og:description\" content=\"Ko\u017een\u00fd koberec z islandsk\u00fdch ko\u017e\u00ed s dlh\u00fdm chlpom. Koberec je zo\u0161it\u00fd z dvoch ko\u017e\u00ed. Ko\u017ea je pr\u00edrodn\u00e1, farben\u00e1. Nepravideln\u00fd tvar. Chlp je n\u00e1dherne hebk\u00fd a pr\u00edjemn\u00fd na dotyk. Vonia.  Luxusn\u00fd kober\u010dek, ktor\u00fd dod\u00e1 v\u00e1\u0161mu interi\u00e9ru atmosf\u00e9ru pohodlia s n\u00e1dychom luxusu.\" \/>\n<meta property=\"og:url\" content=\"https:\/\/www.scandesign.cz\/sk\/produkt\/kozeny-koberec-z-ovci-kuze-dlouhy-chlup-hnedy-2k-2\/\" \/>\n<meta property=\"og:site_name\" content=\"Scandesign\" \/>\n<meta property=\"article:modified_time\" content=\"2025-02-12T20:27:30+00:00\" \/>\n<meta property=\"og:image\" content=\"https:\/\/www.scandesign.cz\/wp-content\/uploads\/2024\/12\/IMG_1285.jpg\" \/>\n\t<meta property=\"og:image:width\" content=\"1200\" \/>\n\t<meta property=\"og:image:height\" content=\"900\" \/>\n\t<meta property=\"og:image:type\" content=\"image\/jpeg\" \/>\n<meta name=\"twitter:card\" content=\"summary_large_image\" \/>\n<script type=\"application\/ld+json\" class=\"yoast-schema-graph\">{\"@context\":\"https:\/\/schema.org\",\"@graph\":[{\"@type\":\"WebPage\",\"@id\":\"https:\/\/www.scandesign.cz\/sk\/produkt\/kozeny-koberec-z-ovci-kuze-dlouhy-chlup-hnedy-2k-2\/\",\"url\":\"https:\/\/www.scandesign.cz\/sk\/produkt\/kozeny-koberec-z-ovci-kuze-dlouhy-chlup-hnedy-2k-2\/\",\"name\":\"Ko\u017een\u00fd koberec z ov\u010dej ko\u017ee - dlh\u00fd chlp - hned\u00fd - 2K &#8211; Scandesign\",\"isPartOf\":{\"@id\":\"https:\/\/www.scandesign.cz\/sk\/#website\"},\"primaryImageOfPage\":{\"@id\":\"https:\/\/www.scandesign.cz\/sk\/produkt\/kozeny-koberec-z-ovci-kuze-dlouhy-chlup-hnedy-2k-2\/#primaryimage\"},\"image\":{\"@id\":\"https:\/\/www.scandesign.cz\/sk\/produkt\/kozeny-koberec-z-ovci-kuze-dlouhy-chlup-hnedy-2k-2\/#primaryimage\"},\"thumbnailUrl\":\"https:\/\/www.scandesign.cz\/wp-content\/uploads\/2024\/12\/IMG_1285.jpg\",\"datePublished\":\"2019-11-21T22:55:40+00:00\",\"dateModified\":\"2025-02-12T20:27:30+00:00\",\"breadcrumb\":{\"@id\":\"https:\/\/www.scandesign.cz\/sk\/produkt\/kozeny-koberec-z-ovci-kuze-dlouhy-chlup-hnedy-2k-2\/#breadcrumb\"},\"inLanguage\":\"sk-SK\",\"potentialAction\":[{\"@type\":\"ReadAction\",\"target\":[\"https:\/\/www.scandesign.cz\/sk\/produkt\/kozeny-koberec-z-ovci-kuze-dlouhy-chlup-hnedy-2k-2\/\"]}]},{\"@type\":\"ImageObject\",\"inLanguage\":\"sk-SK\",\"@id\":\"https:\/\/www.scandesign.cz\/sk\/produkt\/kozeny-koberec-z-ovci-kuze-dlouhy-chlup-hnedy-2k-2\/#primaryimage\",\"url\":\"https:\/\/www.scandesign.cz\/wp-content\/uploads\/2024\/12\/IMG_1285.jpg\",\"contentUrl\":\"https:\/\/www.scandesign.cz\/wp-content\/uploads\/2024\/12\/IMG_1285.jpg\",\"width\":1200,\"height\":900},{\"@type\":\"BreadcrumbList\",\"@id\":\"https:\/\/www.scandesign.cz\/sk\/produkt\/kozeny-koberec-z-ovci-kuze-dlouhy-chlup-hnedy-2k-2\/#breadcrumb\",\"itemListElement\":[{\"@type\":\"ListItem\",\"position\":1,\"name\":\"Dom\u016f\",\"item\":\"https:\/\/www.scandesign.cz\/sk\/\"},{\"@type\":\"ListItem\",\"position\":2,\"name\":\"Obchod\",\"item\":\"https:\/\/www.scandesign.cz\/sk\/obchod\/\"},{\"@type\":\"ListItem\",\"position\":3,\"name\":\"Ko\u017een\u00fd koberec z ov\u010dej ko\u017ee &#8211; dlh\u00fd chlp &#8211; hned\u00fd &#8211; 2K\"}]},{\"@type\":\"WebSite\",\"@id\":\"https:\/\/www.scandesign.cz\/sk\/#website\",\"url\":\"https:\/\/www.scandesign.cz\/sk\/\",\"name\":\"Scandesign\",\"description\":\"\",\"potentialAction\":[{\"@type\":\"SearchAction\",\"target\":{\"@type\":\"EntryPoint\",\"urlTemplate\":\"https:\/\/www.scandesign.cz\/sk\/?s={search_term_string}\"},\"query-input\":{\"@type\":\"PropertyValueSpecification\",\"valueRequired\":true,\"valueName\":\"search_term_string\"}}],\"inLanguage\":\"sk-SK\"}]}<\/script>\n<!-- \/ Yoast SEO plugin. -->","yoast_head_json":{"title":"Ko\u017een\u00fd koberec z ov\u010dej ko\u017ee - dlh\u00fd chlp - hned\u00fd - 2K &#8211; Scandesign","robots":{"index":"index","follow":"follow","max-snippet":"max-snippet:-1","max-image-preview":"max-image-preview:large","max-video-preview":"max-video-preview:-1"},"canonical":"https:\/\/www.scandesign.cz\/sk\/produkt\/kozeny-koberec-z-ovci-kuze-dlouhy-chlup-hnedy-2k-2\/","og_locale":"sk_SK","og_type":"article","og_title":"Ko\u017een\u00fd koberec z ov\u010dej ko\u017ee - dlh\u00fd chlp - hned\u00fd - 2K &#8211; Scandesign","og_description":"Ko\u017een\u00fd koberec z islandsk\u00fdch ko\u017e\u00ed s dlh\u00fdm chlpom. Koberec je zo\u0161it\u00fd z dvoch ko\u017e\u00ed. Ko\u017ea je pr\u00edrodn\u00e1, farben\u00e1. Nepravideln\u00fd tvar. Chlp je n\u00e1dherne hebk\u00fd a pr\u00edjemn\u00fd na dotyk. Vonia.  Luxusn\u00fd kober\u010dek, ktor\u00fd dod\u00e1 v\u00e1\u0161mu interi\u00e9ru atmosf\u00e9ru pohodlia s n\u00e1dychom luxusu.","og_url":"https:\/\/www.scandesign.cz\/sk\/produkt\/kozeny-koberec-z-ovci-kuze-dlouhy-chlup-hnedy-2k-2\/","og_site_name":"Scandesign","article_modified_time":"2025-02-12T20:27:30+00:00","og_image":[{"width":1200,"height":900,"url":"https:\/\/www.scandesign.cz\/wp-content\/uploads\/2024\/12\/IMG_1285.jpg","type":"image\/jpeg"}],"twitter_card":"summary_large_image","schema":{"@context":"https:\/\/schema.org","@graph":[{"@type":"WebPage","@id":"https:\/\/www.scandesign.cz\/sk\/produkt\/kozeny-koberec-z-ovci-kuze-dlouhy-chlup-hnedy-2k-2\/","url":"https:\/\/www.scandesign.cz\/sk\/produkt\/kozeny-koberec-z-ovci-kuze-dlouhy-chlup-hnedy-2k-2\/","name":"Ko\u017een\u00fd koberec z ov\u010dej ko\u017ee - dlh\u00fd chlp - hned\u00fd - 2K &#8211; Scandesign","isPartOf":{"@id":"https:\/\/www.scandesign.cz\/sk\/#website"},"primaryImageOfPage":{"@id":"https:\/\/www.scandesign.cz\/sk\/produkt\/kozeny-koberec-z-ovci-kuze-dlouhy-chlup-hnedy-2k-2\/#primaryimage"},"image":{"@id":"https:\/\/www.scandesign.cz\/sk\/produkt\/kozeny-koberec-z-ovci-kuze-dlouhy-chlup-hnedy-2k-2\/#primaryimage"},"thumbnailUrl":"https:\/\/www.scandesign.cz\/wp-content\/uploads\/2024\/12\/IMG_1285.jpg","datePublished":"2019-11-21T22:55:40+00:00","dateModified":"2025-02-12T20:27:30+00:00","breadcrumb":{"@id":"https:\/\/www.scandesign.cz\/sk\/produkt\/kozeny-koberec-z-ovci-kuze-dlouhy-chlup-hnedy-2k-2\/#breadcrumb"},"inLanguage":"sk-SK","potentialAction":[{"@type":"ReadAction","target":["https:\/\/www.scandesign.cz\/sk\/produkt\/kozeny-koberec-z-ovci-kuze-dlouhy-chlup-hnedy-2k-2\/"]}]},{"@type":"ImageObject","inLanguage":"sk-SK","@id":"https:\/\/www.scandesign.cz\/sk\/produkt\/kozeny-koberec-z-ovci-kuze-dlouhy-chlup-hnedy-2k-2\/#primaryimage","url":"https:\/\/www.scandesign.cz\/wp-content\/uploads\/2024\/12\/IMG_1285.jpg","contentUrl":"https:\/\/www.scandesign.cz\/wp-content\/uploads\/2024\/12\/IMG_1285.jpg","width":1200,"height":900},{"@type":"BreadcrumbList","@id":"https:\/\/www.scandesign.cz\/sk\/produkt\/kozeny-koberec-z-ovci-kuze-dlouhy-chlup-hnedy-2k-2\/#breadcrumb","itemListElement":[{"@type":"ListItem","position":1,"name":"Dom\u016f","item":"https:\/\/www.scandesign.cz\/sk\/"},{"@type":"ListItem","position":2,"name":"Obchod","item":"https:\/\/www.scandesign.cz\/sk\/obchod\/"},{"@type":"ListItem","position":3,"name":"Ko\u017een\u00fd koberec z ov\u010dej ko\u017ee &#8211; dlh\u00fd chlp &#8211; hned\u00fd &#8211; 2K"}]},{"@type":"WebSite","@id":"https:\/\/www.scandesign.cz\/sk\/#website","url":"https:\/\/www.scandesign.cz\/sk\/","name":"Scandesign","description":"","potentialAction":[{"@type":"SearchAction","target":{"@type":"EntryPoint","urlTemplate":"https:\/\/www.scandesign.cz\/sk\/?s={search_term_string}"},"query-input":{"@type":"PropertyValueSpecification","valueRequired":true,"valueName":"search_term_string"}}],"inLanguage":"sk-SK"}]}},"_links":{"self":[{"href":"https:\/\/www.scandesign.cz\/sk\/wp-json\/wp\/v2\/product\/9867","targetHints":{"allow":["GET"]}}],"collection":[{"href":"https:\/\/www.scandesign.cz\/sk\/wp-json\/wp\/v2\/product"}],"about":[{"href":"https:\/\/www.scandesign.cz\/sk\/wp-json\/wp\/v2\/types\/product"}],"wp:featuredmedia":[{"embeddable":true,"href":"https:\/\/www.scandesign.cz\/sk\/wp-json\/wp\/v2\/media\/5109"}],"wp:attachment":[{"href":"https:\/\/www.scandesign.cz\/sk\/wp-json\/wp\/v2\/media?parent=9867"}],"wp:term":[{"taxonomy":"product_brand","embeddable":true,"href":"https:\/\/www.scandesign.cz\/sk\/wp-json\/wp\/v2\/product_brand?post=9867"},{"taxonomy":"product_cat","embeddable":true,"href":"https:\/\/www.scandesign.cz\/sk\/wp-json\/wp\/v2\/product_cat?post=9867"},{"taxonomy":"product_tag","embeddable":true,"href":"https:\/\/www.scandesign.cz\/sk\/wp-json\/wp\/v2\/product_tag?post=9867"}],"curies":[{"name":"wp","href":"https:\/\/api.w.org\/{rel}","templated":true}]}}